{"id":62833,"date":"2025-12-01T16:25:04","date_gmt":"2025-12-01T16:25:04","guid":{"rendered":"https:\/\/www.salas.plus\/?page_id=62833"},"modified":"2025-12-01T16:46:57","modified_gmt":"2025-12-01T16:46:57","slug":"senior-linving-i-flex-living","status":"publish","type":"page","link":"https:\/\/www.salas.plus\/ca\/senior-linving-i-flex-living\/","title":{"rendered":"Senior Linving i Flex Living"},"content":{"rendered":"<p><div class=\"fusion-fullwidth fullwidth-box fusion-builder-row-1 nonhundred-percent-fullwidth non-hundred-percent-height-scrolling\" style=\"--awb-border-radius-top-left:0px;--awb-border-radius-top-right:0px;--awb-border-radius-bottom-right:0px;--awb-border-radius-bottom-left:0px;--awb-margin-top:5px;--awb-margin-bottom:5px;--awb-flex-wrap:wrap;\" ><div class=\"fusion-builder-row fusion-row\"><div class=\"fusion-layout-column fusion_builder_column fusion-builder-column-0 fusion_builder_column_1_1 1_1 fusion-one-full fusion-column-first fusion-column-last\" style=\"--awb-bg-size:cover;\"><div class=\"fusion-column-wrapper fusion-column-has-shadow fusion-flex-column-wrapper-legacy\"><div class=\"fusion-text fusion-text-1\"><p><span style=\"color: #333333; font-size: 12px; font-weight: 300;\"><a href=\"https:\/\/www.salas.plus\/ca\/\">Inici<\/a>\u00a0 | Senior Living i Flex Living<\/span><\/p>\n<\/div><div class=\"fusion-clearfix\"><\/div><\/div><\/div><\/div><\/div><div class=\"fusion-fullwidth fullwidth-box fusion-builder-row-2 fusion-flex-container has-pattern-background has-mask-background fusion-parallax-none nonhundred-percent-fullwidth non-hundred-percent-height-scrolling\" style=\"--awb-border-sizes-top:0px;--awb-border-sizes-bottom:0px;--awb-border-sizes-left:0px;--awb-border-sizes-right:0px;--awb-border-radius-top-left:0px;--awb-border-radius-top-right:0px;--awb-border-radius-bottom-right:0px;--awb-border-radius-bottom-left:0px;--awb-padding-top:10px;--awb-padding-bottom:10px;--awb-margin-bottom:30px;--awb-background-image:url(&quot;https:\/\/www.salas.plus\/wp-content\/uploads\/2025\/12\/Franja-Senior-Living-Flex-Living.jpg&quot;);--awb-background-size:cover;--awb-flex-wrap:wrap;\" ><div class=\"fusion-builder-row fusion-row fusion-flex-align-items-flex-start fusion-flex-content-wrap\" style=\"max-width:1248px;margin-left: calc(-4% \/ 2 );margin-right: calc(-4% \/ 2 );\"><div class=\"fusion-layout-column fusion_builder_column fusion-builder-column-1 fusion_builder_column_1_1 1_1 fusion-flex-column\" style=\"--awb-bg-size:cover;--awb-width-large:100%;--awb-margin-top-large:0px;--awb-spacing-right-large:1.92%;--awb-margin-bottom-large:0px;--awb-spacing-left-large:1.92%;--awb-width-medium:100%;--awb-spacing-right-medium:1.92%;--awb-spacing-left-medium:1.92%;--awb-width-small:100%;--awb-spacing-right-small:1.92%;--awb-spacing-left-small:1.92%;\"><div class=\"fusion-column-wrapper fusion-flex-justify-content-flex-start fusion-content-layout-column\"><div class=\"fusion-text fusion-text-2\" style=\"--awb-margin-right:20px;--awb-margin-left:20px;\"><h1 style=\"font-size: 45px;\"><span style=\"color: #ffffff;\">SENIOR LIVING &amp; FLEX LIVING<\/span><\/h1>\n<\/div><\/div><\/div><\/div><\/div><div class=\"fusion-fullwidth fullwidth-box fusion-builder-row-3 fusion-flex-container nonhundred-percent-fullwidth non-hundred-percent-height-scrolling\" style=\"--awb-border-radius-top-left:0px;--awb-border-radius-top-right:0px;--awb-border-radius-bottom-right:0px;--awb-border-radius-bottom-left:0px;--awb-margin-top:30px;--awb-flex-wrap:wrap;\" ><div class=\"fusion-builder-row fusion-row fusion-flex-align-items-flex-start fusion-flex-content-wrap\" style=\"max-width:1248px;margin-left: calc(-4% \/ 2 );margin-right: calc(-4% \/ 2 );\"><div class=\"fusion-layout-column fusion_builder_column fusion-builder-column-2 fusion_builder_column_1_1 1_1 fusion-flex-column\" style=\"--awb-bg-size:cover;--awb-width-large:100%;--awb-margin-top-large:0px;--awb-spacing-right-large:1.92%;--awb-margin-bottom-large:0px;--awb-spacing-left-large:1.92%;--awb-width-medium:100%;--awb-order-medium:0;--awb-spacing-right-medium:1.92%;--awb-spacing-left-medium:1.92%;--awb-width-small:100%;--awb-order-small:0;--awb-spacing-right-small:1.92%;--awb-spacing-left-small:1.92%;\"><div class=\"fusion-column-wrapper fusion-column-has-shadow fusion-flex-justify-content-flex-start fusion-content-layout-column\"><div class=\"fusion-text fusion-text-3\"><p>A Grup SALAS, transformem la nostra experi\u00e8ncia en promoci\u00f3 i gesti\u00f3 immobili\u00e0ria en <strong>espais<\/strong> <strong>que acompanyen i promouen el benestar<\/strong>. El nostre objectiu \u00e9s promoure entorns on la comoditat, la seguretat i la independ\u00e8ncia siguin priorit\u00e0ries. Cada projecte es concep per a generar experi\u00e8ncies \u00faniques, cuidant cada detall i fomentant el benestar dels qui l&#8217;habiten.<\/p>\n<\/div><div class=\"fusion-separator fusion-full-width-sep\" style=\"align-self: center;margin-left: auto;margin-right: auto;margin-bottom:20px;width:100%;\"><\/div><\/div><\/div><\/div><\/div><div class=\"fusion-fullwidth fullwidth-box fusion-builder-row-4 fusion-flex-container has-pattern-background has-mask-background nonhundred-percent-fullwidth non-hundred-percent-height-scrolling\" style=\"--awb-border-radius-top-left:0px;--awb-border-radius-top-right:0px;--awb-border-radius-bottom-right:0px;--awb-border-radius-bottom-left:0px;--awb-flex-wrap:wrap;\" ><div class=\"fusion-builder-row fusion-row fusion-flex-align-items-flex-start fusion-flex-content-wrap\" style=\"max-width:1248px;margin-left: calc(-4% \/ 2 );margin-right: calc(-4% \/ 2 );\"><div class=\"fusion-layout-column fusion_builder_column fusion-builder-column-3 fusion_builder_column_1_1 1_1 fusion-flex-column\" style=\"--awb-bg-size:cover;--awb-width-large:100%;--awb-margin-top-large:0px;--awb-spacing-right-large:1.92%;--awb-margin-bottom-large:0px;--awb-spacing-left-large:1.92%;--awb-width-medium:100%;--awb-order-medium:0;--awb-spacing-right-medium:1.92%;--awb-spacing-left-medium:1.92%;--awb-width-small:100%;--awb-order-small:0;--awb-spacing-right-small:1.92%;--awb-spacing-left-small:1.92%;\"><div class=\"fusion-column-wrapper fusion-column-has-shadow fusion-flex-justify-content-flex-start fusion-content-layout-column\"><\/div><\/div><div class=\"fusion-layout-column fusion_builder_column fusion-builder-column-4 fusion_builder_column_1_2 1_2 fusion-flex-column\" style=\"--awb-padding-top:10px;--awb-bg-size:cover;--awb-width-large:50%;--awb-margin-top-large:0px;--awb-spacing-right-large:3.84%;--awb-margin-bottom-large:0px;--awb-spacing-left-large:3.84%;--awb-width-medium:100%;--awb-order-medium:0;--awb-spacing-right-medium:1.92%;--awb-spacing-left-medium:1.92%;--awb-width-small:100%;--awb-order-small:0;--awb-spacing-right-small:1.92%;--awb-spacing-left-small:1.92%;\"><div class=\"fusion-column-wrapper fusion-column-has-shadow fusion-flex-justify-content-flex-start fusion-content-layout-column\"><div class=\"fusion-text fusion-text-4\"><h2 style=\"text-align: center;\"><strong>SENIOR LIVING<\/strong><\/h2>\n<\/div><div class=\"fusion-image-element \" style=\"text-align:center;--awb-caption-title-font-family:var(--h2_typography-font-family);--awb-caption-title-font-weight:var(--h2_typography-font-weight);--awb-caption-title-font-style:var(--h2_typography-font-style);--awb-caption-title-size:var(--h2_typography-font-size);--awb-caption-title-transform:var(--h2_typography-text-transform);--awb-caption-title-line-height:var(--h2_typography-line-height);--awb-caption-title-letter-spacing:var(--h2_typography-letter-spacing);\"><span class=\" fusion-imageframe imageframe-none imageframe-1 hover-type-none\"><img decoding=\"async\" width=\"1024\" height=\"576\" title=\"Grupo-SALAS-Senior-Living\" src=\"https:\/\/www.salas.plus\/wp-content\/uploads\/2025\/12\/Grupo-SALAS-Senior-Living-1.jpg\" alt class=\"img-responsive wp-image-62841\" srcset=\"https:\/\/www.salas.plus\/wp-content\/uploads\/2025\/12\/Grupo-SALAS-Senior-Living-1-200x113.jpg 200w, https:\/\/www.salas.plus\/wp-content\/uploads\/2025\/12\/Grupo-SALAS-Senior-Living-1-400x225.jpg 400w, https:\/\/www.salas.plus\/wp-content\/uploads\/2025\/12\/Grupo-SALAS-Senior-Living-1-600x338.jpg 600w, https:\/\/www.salas.plus\/wp-content\/uploads\/2025\/12\/Grupo-SALAS-Senior-Living-1-800x450.jpg 800w, https:\/\/www.salas.plus\/wp-content\/uploads\/2025\/12\/Grupo-SALAS-Senior-Living-1.jpg 1024w\" sizes=\"(max-width: 1024px) 100vw, (max-width: 640px) 100vw, 600px\" \/><\/span><\/div><div class=\"fusion-text fusion-text-5\" style=\"--awb-margin-top:20px;\"><p>Mantenir h\u00e0bits saludables, estar actiu i compartir moments amb altres persones s\u00f3n pilars essencials per a una vida plena. A Grup SALAS impulsem projectes de Senior Living amb espais funcionals, segurs i confortables, pensats per fomentar la <strong>independ\u00e8ncia<\/strong>, l\u2019<strong>autonomia<\/strong> i la <strong>qualitat de vida<\/strong>.<\/p>\n<\/div><\/div><\/div><div class=\"fusion-layout-column fusion_builder_column fusion-builder-column-5 fusion_builder_column_1_2 1_2 fusion-flex-column\" style=\"--awb-padding-top:10px;--awb-bg-size:cover;--awb-width-large:50%;--awb-margin-top-large:0px;--awb-spacing-right-large:3.84%;--awb-margin-bottom-large:0px;--awb-spacing-left-large:3.84%;--awb-width-medium:100%;--awb-order-medium:0;--awb-spacing-right-medium:1.92%;--awb-spacing-left-medium:1.92%;--awb-width-small:100%;--awb-order-small:0;--awb-spacing-right-small:1.92%;--awb-spacing-left-small:1.92%;\"><div class=\"fusion-column-wrapper fusion-column-has-shadow fusion-flex-justify-content-flex-start fusion-content-layout-column\"><div class=\"fusion-text fusion-text-6\"><h2 style=\"text-align: center;\"><strong>FLEX LIVING<\/strong><\/h2>\n<\/div><div class=\"fusion-image-element \" style=\"text-align:center;--awb-caption-title-font-family:var(--h2_typography-font-family);--awb-caption-title-font-weight:var(--h2_typography-font-weight);--awb-caption-title-font-style:var(--h2_typography-font-style);--awb-caption-title-size:var(--h2_typography-font-size);--awb-caption-title-transform:var(--h2_typography-text-transform);--awb-caption-title-line-height:var(--h2_typography-line-height);--awb-caption-title-letter-spacing:var(--h2_typography-letter-spacing);\"><span class=\" fusion-imageframe imageframe-none imageframe-2 hover-type-none\"><img decoding=\"async\" width=\"1024\" height=\"576\" title=\"Happy family with kids sit on couch using laptop\" src=\"https:\/\/www.salas.plus\/wp-content\/uploads\/2025\/12\/Grupo-SALAS-Flex-Living-1-1.jpeg\" alt class=\"img-responsive wp-image-62893\" srcset=\"https:\/\/www.salas.plus\/wp-content\/uploads\/2025\/12\/Grupo-SALAS-Flex-Living-1-1-200x113.jpeg 200w, https:\/\/www.salas.plus\/wp-content\/uploads\/2025\/12\/Grupo-SALAS-Flex-Living-1-1-400x225.jpeg 400w, https:\/\/www.salas.plus\/wp-content\/uploads\/2025\/12\/Grupo-SALAS-Flex-Living-1-1-600x338.jpeg 600w, https:\/\/www.salas.plus\/wp-content\/uploads\/2025\/12\/Grupo-SALAS-Flex-Living-1-1-800x450.jpeg 800w, https:\/\/www.salas.plus\/wp-content\/uploads\/2025\/12\/Grupo-SALAS-Flex-Living-1-1.jpeg 1024w\" sizes=\"(max-width: 1024px) 100vw, (max-width: 640px) 100vw, 600px\" \/><\/span><\/div><div class=\"fusion-text fusion-text-7\" style=\"--awb-margin-top:20px;\"><p>Flex Living respon a la necessitat d&#8217;espais adaptables i vers\u00e0tils per als qui busquen flexibilitat sense renunciar a la qualitat. Els nostres espais Flex Living combinen disseny modern, funcionalitat i serveis integrals, permetent als residents <strong>viure amb comoditat i llibertat<\/strong>, adaptant-se a les seves necessitats.<\/p>\n<\/div><\/div><\/div><\/div><\/div><div class=\"fusion-fullwidth fullwidth-box fusion-builder-row-5 fusion-flex-container has-pattern-background has-mask-background nonhundred-percent-fullwidth non-hundred-percent-height-scrolling\" style=\"--awb-border-radius-top-left:0px;--awb-border-radius-top-right:0px;--awb-border-radius-bottom-right:0px;--awb-border-radius-bottom-left:0px;--awb-margin-top:30px;--awb-flex-wrap:wrap;\" ><div class=\"fusion-builder-row fusion-row fusion-flex-align-items-flex-start fusion-flex-content-wrap\" style=\"max-width:1248px;margin-left: calc(-4% \/ 2 );margin-right: calc(-4% \/ 2 );\"><div class=\"fusion-layout-column fusion_builder_column fusion-builder-column-6 fusion_builder_column_1_1 1_1 fusion-flex-column\" style=\"--awb-bg-size:cover;--awb-width-large:100%;--awb-margin-top-large:20PX;--awb-spacing-right-large:1.92%;--awb-margin-bottom-large:0px;--awb-spacing-left-large:1.92%;--awb-width-medium:100%;--awb-order-medium:0;--awb-spacing-right-medium:1.92%;--awb-spacing-left-medium:1.92%;--awb-width-small:100%;--awb-order-small:0;--awb-spacing-right-small:1.92%;--awb-spacing-left-small:1.92%;\" data-scroll-devices=\"small-visibility,medium-visibility,large-visibility\"><div class=\"fusion-column-wrapper fusion-column-has-shadow fusion-flex-justify-content-flex-start fusion-content-layout-column\"><div class=\"fusion-text fusion-text-8\"><h2 style=\"text-align: center;\">ELS NOSTRES PROJECTES<\/h2>\n<\/div><\/div><\/div><div class=\"fusion-layout-column fusion_builder_column fusion-builder-column-7 fusion_builder_column_1_2 1_2 fusion-flex-column\" style=\"--awb-bg-size:cover;--awb-width-large:50%;--awb-margin-top-large:0px;--awb-spacing-right-large:3.84%;--awb-margin-bottom-large:0px;--awb-spacing-left-large:3.84%;--awb-width-medium:100%;--awb-order-medium:0;--awb-spacing-right-medium:1.92%;--awb-spacing-left-medium:1.92%;--awb-width-small:100%;--awb-order-small:0;--awb-spacing-right-small:1.92%;--awb-spacing-left-small:1.92%;\"><div class=\"fusion-column-wrapper fusion-column-has-shadow fusion-flex-justify-content-flex-start fusion-content-layout-column\"><div class=\"fusion-text fusion-text-9\"><h3><\/h3>\n<\/div><div class=\"fusion-image-element \" style=\"--awb-caption-title-font-family:var(--h2_typography-font-family);--awb-caption-title-font-weight:var(--h2_typography-font-weight);--awb-caption-title-font-style:var(--h2_typography-font-style);--awb-caption-title-size:var(--h2_typography-font-size);--awb-caption-title-transform:var(--h2_typography-text-transform);--awb-caption-title-line-height:var(--h2_typography-line-height);--awb-caption-title-letter-spacing:var(--h2_typography-letter-spacing);\"><span class=\" fusion-imageframe imageframe-none imageframe-3 hover-type-none\"><img decoding=\"async\" width=\"1024\" height=\"576\" title=\"Sitges- Senior Living\" src=\"https:\/\/www.salas.plus\/wp-content\/uploads\/2025\/12\/Sitges-Senior-Living-1.jpg\" alt class=\"img-responsive wp-image-62909\" srcset=\"https:\/\/www.salas.plus\/wp-content\/uploads\/2025\/12\/Sitges-Senior-Living-1-200x113.jpg 200w, https:\/\/www.salas.plus\/wp-content\/uploads\/2025\/12\/Sitges-Senior-Living-1-400x225.jpg 400w, https:\/\/www.salas.plus\/wp-content\/uploads\/2025\/12\/Sitges-Senior-Living-1-600x338.jpg 600w, https:\/\/www.salas.plus\/wp-content\/uploads\/2025\/12\/Sitges-Senior-Living-1-800x450.jpg 800w, https:\/\/www.salas.plus\/wp-content\/uploads\/2025\/12\/Sitges-Senior-Living-1.jpg 1024w\" sizes=\"(max-width: 1024px) 100vw, (max-width: 640px) 100vw, 600px\" \/><\/span><\/div><\/div><\/div><div class=\"fusion-layout-column fusion_builder_column fusion-builder-column-8 fusion_builder_column_1_2 1_2 fusion-flex-column\" style=\"--awb-bg-size:cover;--awb-width-large:50%;--awb-margin-top-large:0px;--awb-spacing-right-large:3.84%;--awb-margin-bottom-large:0px;--awb-spacing-left-large:3.84%;--awb-width-medium:100%;--awb-order-medium:0;--awb-spacing-right-medium:1.92%;--awb-spacing-left-medium:1.92%;--awb-width-small:100%;--awb-order-small:0;--awb-spacing-right-small:1.92%;--awb-spacing-left-small:1.92%;\"><div class=\"fusion-column-wrapper fusion-column-has-shadow fusion-flex-justify-content-flex-start fusion-content-layout-column\"><div class=\"fusion-text fusion-text-10\"><h3><\/h3>\n<\/div><ul style=\"--awb-iconcolor:#a61933;--awb-line-height:23.8px;--awb-icon-width:23.8px;--awb-icon-height:23.8px;--awb-icon-margin:9.8px;--awb-content-margin:33.6px;\" class=\"fusion-checklist fusion-checklist-1 fusion-checklist-default type-icons\"><li class=\"fusion-li-item\" style=\"--awb-iconcolor:#a61933;\"><span class=\"icon-wrapper circle-no\"><i class=\"fusion-li-icon fa-map-marker-alt fas\" aria-hidden=\"true\"><\/i><\/span><div class=\"fusion-li-item-content\">\n<p>Sitges, Barcelona<\/p>\n<\/div><\/li><li class=\"fusion-li-item\" style=\"--awb-iconcolor:#a61933;\"><span class=\"icon-wrapper circle-no\"><i class=\"fusion-li-icon fa-pencil-ruler fas\" aria-hidden=\"true\"><\/i><\/span><div class=\"fusion-li-item-content\">\n<p>Promotor: SATU Resort<\/p>\n<\/div><\/li><li class=\"fusion-li-item\" style=\"--awb-iconcolor:#a61933;\"><span class=\"icon-wrapper circle-no\"><i class=\"fusion-li-icon fa-hotel fas\" aria-hidden=\"true\"><\/i><\/span><div class=\"fusion-li-item-content\">\n<p>Operador: Fergus<\/p>\n<\/div><\/li><\/ul><\/div><\/div><\/div><\/div><div class=\"fusion-fullwidth fullwidth-box fusion-builder-row-6 fusion-flex-container has-pattern-background has-mask-background nonhundred-percent-fullwidth non-hundred-percent-height-scrolling\" style=\"--awb-border-radius-top-left:0px;--awb-border-radius-top-right:0px;--awb-border-radius-bottom-right:0px;--awb-border-radius-bottom-left:0px;--awb-flex-wrap:wrap;\" ><div class=\"fusion-builder-row fusion-row fusion-flex-align-items-flex-start fusion-flex-content-wrap\" style=\"max-width:1248px;margin-left: calc(-4% \/ 2 );margin-right: calc(-4% \/ 2 );\"><\/div><\/div><\/p>\n","protected":false},"excerpt":{"rendered":"","protected":false},"author":12,"featured_media":0,"parent":0,"menu_order":0,"comment_status":"closed","ping_status":"closed","template":"","meta":{"footnotes":""},"class_list":["post-62833","page","type-page","status-publish","hentry"],"yoast_head":"<!-- This site is optimized with the Yoast SEO plugin v27.4 - https:\/\/yoast.com\/product\/yoast-seo-wordpress\/ -->\n<title>Senior Linving i Flex Living - SALAS<\/title>\n<meta name=\"robots\" content=\"index, follow, max-snippet:-1, max-image-preview:large, max-video-preview:-1\" \/>\n<link rel=\"canonical\" href=\"https:\/\/www.salas.plus\/ca\/senior-linving-i-flex-living\/\" \/>\n<meta property=\"og:locale\" content=\"ca_ES\" \/>\n<meta property=\"og:type\" content=\"article\" \/>\n<meta property=\"og:title\" content=\"Senior Linving i Flex Living - SALAS\" \/>\n<meta property=\"og:url\" content=\"https:\/\/www.salas.plus\/ca\/senior-linving-i-flex-living\/\" \/>\n<meta property=\"og:site_name\" content=\"SALAS\" \/>\n<meta property=\"article:modified_time\" content=\"2025-12-01T16:46:57+00:00\" \/>\n<meta name=\"twitter:card\" content=\"summary_large_image\" \/>\n<meta name=\"twitter:label1\" content=\"Temps estimat de lectura\" \/>\n\t<meta name=\"twitter:data1\" content=\"2 minuts\" \/>\n<script type=\"application\/ld+json\" class=\"yoast-schema-graph\">{\"@context\":\"https:\\\/\\\/schema.org\",\"@graph\":[{\"@type\":\"WebPage\",\"@id\":\"https:\\\/\\\/www.salas.plus\\\/ca\\\/senior-linving-i-flex-living\\\/\",\"url\":\"https:\\\/\\\/www.salas.plus\\\/ca\\\/senior-linving-i-flex-living\\\/\",\"name\":\"Senior Linving i Flex Living - SALAS\",\"isPartOf\":{\"@id\":\"https:\\\/\\\/www.salas.plus\\\/#website\"},\"datePublished\":\"2025-12-01T16:25:04+00:00\",\"dateModified\":\"2025-12-01T16:46:57+00:00\",\"breadcrumb\":{\"@id\":\"https:\\\/\\\/www.salas.plus\\\/ca\\\/senior-linving-i-flex-living\\\/#breadcrumb\"},\"inLanguage\":\"ca\",\"potentialAction\":[{\"@type\":\"ReadAction\",\"target\":[\"https:\\\/\\\/www.salas.plus\\\/ca\\\/senior-linving-i-flex-living\\\/\"]}]},{\"@type\":\"BreadcrumbList\",\"@id\":\"https:\\\/\\\/www.salas.plus\\\/ca\\\/senior-linving-i-flex-living\\\/#breadcrumb\",\"itemListElement\":[{\"@type\":\"ListItem\",\"position\":1,\"name\":\"Home\",\"item\":\"https:\\\/\\\/www.salas.plus\\\/ca\\\/\"},{\"@type\":\"ListItem\",\"position\":2,\"name\":\"Senior Linving i Flex Living\"}]},{\"@type\":\"WebSite\",\"@id\":\"https:\\\/\\\/www.salas.plus\\\/#website\",\"url\":\"https:\\\/\\\/www.salas.plus\\\/\",\"name\":\"SALAS\",\"description\":\"Experts en gesti\u00f3 immobili\u00e0ria\",\"publisher\":{\"@id\":\"https:\\\/\\\/www.salas.plus\\\/#organization\"},\"potentialAction\":[{\"@type\":\"SearchAction\",\"target\":{\"@type\":\"EntryPoint\",\"urlTemplate\":\"https:\\\/\\\/www.salas.plus\\\/?s={search_term_string}\"},\"query-input\":{\"@type\":\"PropertyValueSpecification\",\"valueRequired\":true,\"valueName\":\"search_term_string\"}}],\"inLanguage\":\"ca\"},{\"@type\":\"Organization\",\"@id\":\"https:\\\/\\\/www.salas.plus\\\/#organization\",\"name\":\"Salas\",\"url\":\"https:\\\/\\\/www.salas.plus\\\/\",\"logo\":{\"@type\":\"ImageObject\",\"inLanguage\":\"ca\",\"@id\":\"https:\\\/\\\/www.salas.plus\\\/#\\\/schema\\\/logo\\\/image\\\/\",\"url\":\"https:\\\/\\\/www.salas.plus\\\/wp-content\\\/uploads\\\/2021\\\/02\\\/Logo_SALAS_Vertical.jpg\",\"contentUrl\":\"https:\\\/\\\/www.salas.plus\\\/wp-content\\\/uploads\\\/2021\\\/02\\\/Logo_SALAS_Vertical.jpg\",\"width\":122,\"height\":112,\"caption\":\"Salas\"},\"image\":{\"@id\":\"https:\\\/\\\/www.salas.plus\\\/#\\\/schema\\\/logo\\\/image\\\/\"}}]}<\/script>\n<!-- \/ Yoast SEO plugin. -->","yoast_head_json":{"title":"Senior Linving i Flex Living - SALAS","robots":{"index":"index","follow":"follow","max-snippet":"max-snippet:-1","max-image-preview":"max-image-preview:large","max-video-preview":"max-video-preview:-1"},"canonical":"https:\/\/www.salas.plus\/ca\/senior-linving-i-flex-living\/","og_locale":"ca_ES","og_type":"article","og_title":"Senior Linving i Flex Living - SALAS","og_url":"https:\/\/www.salas.plus\/ca\/senior-linving-i-flex-living\/","og_site_name":"SALAS","article_modified_time":"2025-12-01T16:46:57+00:00","twitter_card":"summary_large_image","twitter_misc":{"Temps estimat de lectura":"2 minuts"},"schema":{"@context":"https:\/\/schema.org","@graph":[{"@type":"WebPage","@id":"https:\/\/www.salas.plus\/ca\/senior-linving-i-flex-living\/","url":"https:\/\/www.salas.plus\/ca\/senior-linving-i-flex-living\/","name":"Senior Linving i Flex Living - SALAS","isPartOf":{"@id":"https:\/\/www.salas.plus\/#website"},"datePublished":"2025-12-01T16:25:04+00:00","dateModified":"2025-12-01T16:46:57+00:00","breadcrumb":{"@id":"https:\/\/www.salas.plus\/ca\/senior-linving-i-flex-living\/#breadcrumb"},"inLanguage":"ca","potentialAction":[{"@type":"ReadAction","target":["https:\/\/www.salas.plus\/ca\/senior-linving-i-flex-living\/"]}]},{"@type":"BreadcrumbList","@id":"https:\/\/www.salas.plus\/ca\/senior-linving-i-flex-living\/#breadcrumb","itemListElement":[{"@type":"ListItem","position":1,"name":"Home","item":"https:\/\/www.salas.plus\/ca\/"},{"@type":"ListItem","position":2,"name":"Senior Linving i Flex Living"}]},{"@type":"WebSite","@id":"https:\/\/www.salas.plus\/#website","url":"https:\/\/www.salas.plus\/","name":"SALAS","description":"Experts en gesti\u00f3 immobili\u00e0ria","publisher":{"@id":"https:\/\/www.salas.plus\/#organization"},"potentialAction":[{"@type":"SearchAction","target":{"@type":"EntryPoint","urlTemplate":"https:\/\/www.salas.plus\/?s={search_term_string}"},"query-input":{"@type":"PropertyValueSpecification","valueRequired":true,"valueName":"search_term_string"}}],"inLanguage":"ca"},{"@type":"Organization","@id":"https:\/\/www.salas.plus\/#organization","name":"Salas","url":"https:\/\/www.salas.plus\/","logo":{"@type":"ImageObject","inLanguage":"ca","@id":"https:\/\/www.salas.plus\/#\/schema\/logo\/image\/","url":"https:\/\/www.salas.plus\/wp-content\/uploads\/2021\/02\/Logo_SALAS_Vertical.jpg","contentUrl":"https:\/\/www.salas.plus\/wp-content\/uploads\/2021\/02\/Logo_SALAS_Vertical.jpg","width":122,"height":112,"caption":"Salas"},"image":{"@id":"https:\/\/www.salas.plus\/#\/schema\/logo\/image\/"}}]}},"_links":{"self":[{"href":"https:\/\/www.salas.plus\/ca\/wp-json\/wp\/v2\/pages\/62833","targetHints":{"allow":["GET"]}}],"collection":[{"href":"https:\/\/www.salas.plus\/ca\/wp-json\/wp\/v2\/pages"}],"about":[{"href":"https:\/\/www.salas.plus\/ca\/wp-json\/wp\/v2\/types\/page"}],"author":[{"embeddable":true,"href":"https:\/\/www.salas.plus\/ca\/wp-json\/wp\/v2\/users\/12"}],"replies":[{"embeddable":true,"href":"https:\/\/www.salas.plus\/ca\/wp-json\/wp\/v2\/comments?post=62833"}],"version-history":[{"count":31,"href":"https:\/\/www.salas.plus\/ca\/wp-json\/wp\/v2\/pages\/62833\/revisions"}],"predecessor-version":[{"id":62939,"href":"https:\/\/www.salas.plus\/ca\/wp-json\/wp\/v2\/pages\/62833\/revisions\/62939"}],"wp:attachment":[{"href":"https:\/\/www.salas.plus\/ca\/wp-json\/wp\/v2\/media?parent=62833"}],"curies":[{"name":"wp","href":"https:\/\/api.w.org\/{rel}","templated":true}]}}