{"id":62796,"date":"2025-12-01T16:38:28","date_gmt":"2025-12-01T16:38:28","guid":{"rendered":"https:\/\/www.salas.plus\/?page_id=62796"},"modified":"2025-12-05T12:54:21","modified_gmt":"2025-12-05T12:54:21","slug":"projectes-hotelers","status":"publish","type":"page","link":"https:\/\/www.salas.plus\/ca\/projectes-hotelers\/","title":{"rendered":"Projectes hotelers"},"content":{"rendered":"<p><div class=\"fusion-fullwidth fullwidth-box fusion-builder-row-1 nonhundred-percent-fullwidth non-hundred-percent-height-scrolling\" style=\"--awb-border-radius-top-left:0px;--awb-border-radius-top-right:0px;--awb-border-radius-bottom-right:0px;--awb-border-radius-bottom-left:0px;--awb-margin-top:5px;--awb-margin-bottom:5px;--awb-flex-wrap:wrap;\" ><div class=\"fusion-builder-row fusion-row\"><div class=\"fusion-layout-column fusion_builder_column fusion-builder-column-0 fusion_builder_column_1_1 1_1 fusion-one-full fusion-column-first fusion-column-last\" style=\"--awb-bg-size:cover;\"><div class=\"fusion-column-wrapper fusion-column-has-shadow fusion-flex-column-wrapper-legacy\"><div class=\"fusion-text fusion-text-1\"><p><span style=\"color: #333333; font-size: 12px; font-weight: 300;\"><a href=\"https:\/\/www.salas.plus\/ca\/\">Inici<\/a>\u00a0 | Projectes Hotelers<\/span><\/p>\n<\/div><div class=\"fusion-clearfix\"><\/div><\/div><\/div><\/div><\/div><div class=\"fusion-fullwidth fullwidth-box fusion-builder-row-2 fusion-flex-container has-pattern-background has-mask-background fusion-parallax-none nonhundred-percent-fullwidth non-hundred-percent-height-scrolling\" style=\"--awb-border-sizes-top:0px;--awb-border-sizes-bottom:0px;--awb-border-sizes-left:0px;--awb-border-sizes-right:0px;--awb-border-radius-top-left:0px;--awb-border-radius-top-right:0px;--awb-border-radius-bottom-right:0px;--awb-border-radius-bottom-left:0px;--awb-padding-top:10px;--awb-padding-bottom:10px;--awb-margin-bottom:30px;--awb-background-image:url(&quot;https:\/\/www.salas.plus\/wp-content\/uploads\/2025\/12\/Franja-Projectes-hotelers.jpg&quot;);--awb-background-size:cover;--awb-flex-wrap:wrap;\" ><div class=\"fusion-builder-row fusion-row fusion-flex-align-items-flex-start fusion-flex-content-wrap\" style=\"max-width:1248px;margin-left: calc(-4% \/ 2 );margin-right: calc(-4% \/ 2 );\"><div class=\"fusion-layout-column fusion_builder_column fusion-builder-column-1 fusion_builder_column_1_1 1_1 fusion-flex-column\" style=\"--awb-bg-size:cover;--awb-width-large:100%;--awb-margin-top-large:0px;--awb-spacing-right-large:1.92%;--awb-margin-bottom-large:0px;--awb-spacing-left-large:1.92%;--awb-width-medium:100%;--awb-spacing-right-medium:1.92%;--awb-spacing-left-medium:1.92%;--awb-width-small:100%;--awb-spacing-right-small:1.92%;--awb-spacing-left-small:1.92%;\"><div class=\"fusion-column-wrapper fusion-flex-justify-content-flex-start fusion-content-layout-column\"><div class=\"fusion-text fusion-text-2\" style=\"--awb-margin-right:20px;--awb-margin-left:20px;\"><h1 style=\"font-size: 45px;\"><span style=\"color: #ffffff;\">PROJECTES HOTELERS<\/span><\/h1>\n<\/div><\/div><\/div><\/div><\/div><div class=\"fusion-fullwidth fullwidth-box fusion-builder-row-3 fusion-flex-container nonhundred-percent-fullwidth non-hundred-percent-height-scrolling\" style=\"--awb-border-radius-top-left:0px;--awb-border-radius-top-right:0px;--awb-border-radius-bottom-right:0px;--awb-border-radius-bottom-left:0px;--awb-margin-top:30px;--awb-flex-wrap:wrap;\" ><div class=\"fusion-builder-row fusion-row fusion-flex-align-items-flex-start fusion-flex-content-wrap\" style=\"max-width:1248px;margin-left: calc(-4% \/ 2 );margin-right: calc(-4% \/ 2 );\"><div class=\"fusion-layout-column fusion_builder_column fusion-builder-column-2 fusion_builder_column_1_1 1_1 fusion-flex-column\" style=\"--awb-bg-size:cover;--awb-width-large:100%;--awb-margin-top-large:0px;--awb-spacing-right-large:1.92%;--awb-margin-bottom-large:0px;--awb-spacing-left-large:1.92%;--awb-width-medium:100%;--awb-order-medium:0;--awb-spacing-right-medium:1.92%;--awb-spacing-left-medium:1.92%;--awb-width-small:100%;--awb-order-small:0;--awb-spacing-right-small:1.92%;--awb-spacing-left-small:1.92%;\"><div class=\"fusion-column-wrapper fusion-column-has-shadow fusion-flex-justify-content-flex-start fusion-content-layout-column\"><div class=\"fusion-text fusion-text-3\"><p>A Grup SALAS promovem <strong>projectes hotelers<\/strong> aprofitant la nostra \u00e0mplia experi\u00e8ncia en promoci\u00f3 i gesti\u00f3 immobili\u00e0ria. <strong>Impulsem espais on la qualitat de vida \u00e9s priorit\u00e0ria<\/strong>, amb serveis i entorns que permeten gaudir de comoditat, seguretat i independ\u00e8ncia.<\/p>\n<\/div><div class=\"fusion-separator fusion-full-width-sep\" style=\"align-self: center;margin-left: auto;margin-right: auto;margin-bottom:20px;width:100%;\"><\/div><div class=\"fusion-text fusion-text-4 fusion-text-no-margin\" style=\"--awb-margin-bottom:30px;\"><h2 style=\"text-align: center;\">EXPERI\u00c8NCIES QUE TRANSFORMEN CADA ESTADA<\/h2>\n<\/div><\/div><\/div><div class=\"fusion-layout-column fusion_builder_column fusion-builder-column-3 fusion_builder_column_1_2 1_2 fusion-flex-column\" style=\"--awb-padding-top:10px;--awb-bg-size:cover;--awb-width-large:50%;--awb-margin-top-large:0px;--awb-spacing-right-large:3.84%;--awb-margin-bottom-large:0px;--awb-spacing-left-large:3.84%;--awb-width-medium:100%;--awb-order-medium:0;--awb-spacing-right-medium:1.92%;--awb-spacing-left-medium:1.92%;--awb-width-small:100%;--awb-order-small:0;--awb-spacing-right-small:1.92%;--awb-spacing-left-small:1.92%;\"><div class=\"fusion-column-wrapper fusion-column-has-shadow fusion-flex-justify-content-flex-start fusion-content-layout-column\"><div class=\"fusion-text fusion-text-5\"><p><span data-teams=\"true\">Els nostres projectes hotelers van m\u00e9s enll\u00e0 de l&#8217;allotjament tradicional. Cada hotel est\u00e0 pensat per a persones que busquen viure b\u00e9, descansar i gaudir de cada moment, amb serveis acuradament planificats i entorns que inspiren benestar.\u00a0Tant si es busca tranquil\u00b7litat com moments de lleure, <strong>adaptem cada estada a les necessitats de cada persona<\/strong>, amb un servei proper, atent i pensat perqu\u00e8 cada hoste se senti com a casa.<\/span><\/p>\n<\/div><\/div><\/div><div class=\"fusion-layout-column fusion_builder_column fusion-builder-column-4 fusion_builder_column_1_2 1_2 fusion-flex-column\" style=\"--awb-padding-top:10px;--awb-bg-size:cover;--awb-width-large:50%;--awb-margin-top-large:0px;--awb-spacing-right-large:3.84%;--awb-margin-bottom-large:0px;--awb-spacing-left-large:3.84%;--awb-width-medium:100%;--awb-order-medium:0;--awb-spacing-right-medium:1.92%;--awb-spacing-left-medium:1.92%;--awb-width-small:100%;--awb-order-small:0;--awb-spacing-right-small:1.92%;--awb-spacing-left-small:1.92%;\"><div class=\"fusion-column-wrapper fusion-column-has-shadow fusion-flex-justify-content-flex-start fusion-content-layout-column\"><div class=\"fusion-image-element \" style=\"text-align:center;--awb-caption-title-font-family:var(--h2_typography-font-family);--awb-caption-title-font-weight:var(--h2_typography-font-weight);--awb-caption-title-font-style:var(--h2_typography-font-style);--awb-caption-title-size:var(--h2_typography-font-size);--awb-caption-title-transform:var(--h2_typography-text-transform);--awb-caption-title-line-height:var(--h2_typography-line-height);--awb-caption-title-letter-spacing:var(--h2_typography-letter-spacing);\"><span class=\" fusion-imageframe imageframe-none imageframe-1 hover-type-none\"><img decoding=\"async\" width=\"1024\" height=\"576\" title=\"Grup-SALAS-proyectos-hoteleros-img\" src=\"https:\/\/www.salas.plus\/wp-content\/uploads\/2025\/11\/Grup-SALAS-proyectos-hoteleros-img.jpg\" alt class=\"img-responsive wp-image-62801\" srcset=\"https:\/\/www.salas.plus\/wp-content\/uploads\/2025\/11\/Grup-SALAS-proyectos-hoteleros-img-200x113.jpg 200w, https:\/\/www.salas.plus\/wp-content\/uploads\/2025\/11\/Grup-SALAS-proyectos-hoteleros-img-400x225.jpg 400w, https:\/\/www.salas.plus\/wp-content\/uploads\/2025\/11\/Grup-SALAS-proyectos-hoteleros-img-600x338.jpg 600w, https:\/\/www.salas.plus\/wp-content\/uploads\/2025\/11\/Grup-SALAS-proyectos-hoteleros-img-800x450.jpg 800w, https:\/\/www.salas.plus\/wp-content\/uploads\/2025\/11\/Grup-SALAS-proyectos-hoteleros-img.jpg 1024w\" sizes=\"(max-width: 1024px) 100vw, (max-width: 640px) 100vw, 600px\" \/><\/span><\/div><\/div><\/div><\/div><\/div><div class=\"fusion-fullwidth fullwidth-box fusion-builder-row-4 fusion-flex-container has-pattern-background has-mask-background nonhundred-percent-fullwidth non-hundred-percent-height-scrolling\" style=\"--awb-border-radius-top-left:0px;--awb-border-radius-top-right:0px;--awb-border-radius-bottom-right:0px;--awb-border-radius-bottom-left:0px;--awb-margin-top:30px;--awb-flex-wrap:wrap;\" ><div class=\"fusion-builder-row fusion-row fusion-flex-align-items-flex-start fusion-flex-content-wrap\" style=\"max-width:1248px;margin-left: calc(-4% \/ 2 );margin-right: calc(-4% \/ 2 );\"><div class=\"fusion-layout-column fusion_builder_column fusion-builder-column-5 fusion_builder_column_1_1 1_1 fusion-flex-column\" style=\"--awb-bg-size:cover;--awb-width-large:100%;--awb-margin-top-large:20PX;--awb-spacing-right-large:1.92%;--awb-margin-bottom-large:0px;--awb-spacing-left-large:1.92%;--awb-width-medium:100%;--awb-order-medium:0;--awb-spacing-right-medium:1.92%;--awb-spacing-left-medium:1.92%;--awb-width-small:100%;--awb-order-small:0;--awb-spacing-right-small:1.92%;--awb-spacing-left-small:1.92%;\" data-scroll-devices=\"small-visibility,medium-visibility,large-visibility\"><div class=\"fusion-column-wrapper fusion-column-has-shadow fusion-flex-justify-content-flex-start fusion-content-layout-column\"><div class=\"fusion-text fusion-text-6\"><h2 style=\"text-align: center;\">ELS NOSTRES PROJECTES<\/h2>\n<\/div><\/div><\/div><div class=\"fusion-layout-column fusion_builder_column fusion-builder-column-6 fusion_builder_column_1_2 1_2 fusion-flex-column\" style=\"--awb-bg-size:cover;--awb-width-large:50%;--awb-margin-top-large:0px;--awb-spacing-right-large:3.84%;--awb-margin-bottom-large:0px;--awb-spacing-left-large:3.84%;--awb-width-medium:100%;--awb-order-medium:0;--awb-spacing-right-medium:1.92%;--awb-spacing-left-medium:1.92%;--awb-width-small:100%;--awb-order-small:0;--awb-spacing-right-small:1.92%;--awb-spacing-left-small:1.92%;\"><div class=\"fusion-column-wrapper fusion-column-has-shadow fusion-flex-justify-content-flex-start fusion-content-layout-column\"><div class=\"fusion-text fusion-text-7\"><h3>Hotel Fergus Style Port Ginesta<\/h3>\n<\/div><div class=\"fusion-image-element \" style=\"--awb-caption-title-font-family:var(--h2_typography-font-family);--awb-caption-title-font-weight:var(--h2_typography-font-weight);--awb-caption-title-font-style:var(--h2_typography-font-style);--awb-caption-title-size:var(--h2_typography-font-size);--awb-caption-title-transform:var(--h2_typography-text-transform);--awb-caption-title-line-height:var(--h2_typography-line-height);--awb-caption-title-letter-spacing:var(--h2_typography-letter-spacing);\"><span class=\" fusion-imageframe imageframe-none imageframe-2 hover-type-none\"><img decoding=\"async\" width=\"1024\" height=\"576\" title=\"Grupo-SALAS-projectes-hoteles\" src=\"https:\/\/www.salas.plus\/wp-content\/uploads\/2025\/11\/Grupo-SALAS-projectes-hoteles.jpg\" alt class=\"img-responsive wp-image-62798\" srcset=\"https:\/\/www.salas.plus\/wp-content\/uploads\/2025\/11\/Grupo-SALAS-projectes-hoteles-200x113.jpg 200w, https:\/\/www.salas.plus\/wp-content\/uploads\/2025\/11\/Grupo-SALAS-projectes-hoteles-400x225.jpg 400w, https:\/\/www.salas.plus\/wp-content\/uploads\/2025\/11\/Grupo-SALAS-projectes-hoteles-600x338.jpg 600w, https:\/\/www.salas.plus\/wp-content\/uploads\/2025\/11\/Grupo-SALAS-projectes-hoteles-800x450.jpg 800w, https:\/\/www.salas.plus\/wp-content\/uploads\/2025\/11\/Grupo-SALAS-projectes-hoteles.jpg 1024w\" sizes=\"(max-width: 1024px) 100vw, (max-width: 640px) 100vw, 600px\" \/><\/span><\/div><ul style=\"--awb-line-height:23.8px;--awb-icon-width:23.8px;--awb-icon-height:23.8px;--awb-icon-margin:9.8px;--awb-content-margin:33.6px;\" class=\"fusion-checklist fusion-checklist-1 fusion-checklist-default type-icons\"><li class=\"fusion-li-item\" style=\"--awb-iconcolor:#a61933;\"><span class=\"icon-wrapper circle-no\"><i class=\"fusion-li-icon fa-map-marker-alt fas\" aria-hidden=\"true\"><\/i><\/span><div class=\"fusion-li-item-content\">\n<p>Sitges, Barcelona<\/p>\n<\/div><\/li><li class=\"fusion-li-item\" style=\"--awb-iconcolor:#a61933;\"><span class=\"icon-wrapper circle-no\"><i class=\"fusion-li-icon fa-bed fas\" aria-hidden=\"true\"><\/i><\/span><div class=\"fusion-li-item-content\">\n<p>118 habitacions<\/p>\n<\/div><\/li><li class=\"fusion-li-item\" style=\"--awb-iconcolor:#a61933;\"><span class=\"icon-wrapper circle-no\"><i class=\"fusion-li-icon fa-pencil-ruler fas\" aria-hidden=\"true\"><\/i><\/span><div class=\"fusion-li-item-content\">\n<p>Promotor: SATU Resort<\/p>\n<\/div><\/li><li class=\"fusion-li-item\" style=\"--awb-iconcolor:#a61933;\"><span class=\"icon-wrapper circle-no\"><i class=\"fusion-li-icon fa-hotel fas\" aria-hidden=\"true\"><\/i><\/span><div class=\"fusion-li-item-content\">\n<p>Operador: Fergus<\/p>\n<\/div><\/li><\/ul><\/div><\/div><div class=\"fusion-layout-column fusion_builder_column fusion-builder-column-7 fusion_builder_column_1_2 1_2 fusion-flex-column\" style=\"--awb-bg-size:cover;--awb-width-large:50%;--awb-margin-top-large:0px;--awb-spacing-right-large:3.84%;--awb-margin-bottom-large:0px;--awb-spacing-left-large:3.84%;--awb-width-medium:100%;--awb-order-medium:0;--awb-spacing-right-medium:1.92%;--awb-spacing-left-medium:1.92%;--awb-width-small:100%;--awb-order-small:0;--awb-spacing-right-small:1.92%;--awb-spacing-left-small:1.92%;\"><div class=\"fusion-column-wrapper fusion-column-has-shadow fusion-flex-justify-content-flex-start fusion-content-layout-column\"><div class=\"fusion-text fusion-text-8\"><h3>Holiday Inn Express<\/h3>\n<\/div><div class=\"fusion-image-element \" style=\"--awb-caption-title-font-family:var(--h2_typography-font-family);--awb-caption-title-font-weight:var(--h2_typography-font-weight);--awb-caption-title-font-style:var(--h2_typography-font-style);--awb-caption-title-size:var(--h2_typography-font-size);--awb-caption-title-transform:var(--h2_typography-text-transform);--awb-caption-title-line-height:var(--h2_typography-line-height);--awb-caption-title-letter-spacing:var(--h2_typography-letter-spacing);\"><span class=\" fusion-imageframe imageframe-none imageframe-3 hover-type-none\"><img decoding=\"async\" width=\"1024\" height=\"576\" title=\"Grupo-SALAS-porjectes-hotelers-martorell\" src=\"https:\/\/www.salas.plus\/wp-content\/uploads\/2025\/12\/Grupo-SALAS-porjectes-hotelers-martorell.jpg\" alt class=\"img-responsive wp-image-63206\" srcset=\"https:\/\/www.salas.plus\/wp-content\/uploads\/2025\/12\/Grupo-SALAS-porjectes-hotelers-martorell-200x113.jpg 200w, https:\/\/www.salas.plus\/wp-content\/uploads\/2025\/12\/Grupo-SALAS-porjectes-hotelers-martorell-400x225.jpg 400w, https:\/\/www.salas.plus\/wp-content\/uploads\/2025\/12\/Grupo-SALAS-porjectes-hotelers-martorell-600x338.jpg 600w, https:\/\/www.salas.plus\/wp-content\/uploads\/2025\/12\/Grupo-SALAS-porjectes-hotelers-martorell-800x450.jpg 800w, https:\/\/www.salas.plus\/wp-content\/uploads\/2025\/12\/Grupo-SALAS-porjectes-hotelers-martorell.jpg 1024w\" sizes=\"(max-width: 1024px) 100vw, (max-width: 640px) 100vw, 600px\" \/><\/span><\/div><ul style=\"--awb-line-height:23.8px;--awb-icon-width:23.8px;--awb-icon-height:23.8px;--awb-icon-margin:9.8px;--awb-content-margin:33.6px;\" class=\"fusion-checklist fusion-checklist-2 fusion-checklist-default type-icons\"><li class=\"fusion-li-item\" style=\"--awb-iconcolor:#a61933;\"><span class=\"icon-wrapper circle-no\"><i class=\"fusion-li-icon fa-map-marker-alt fas\" aria-hidden=\"true\"><\/i><\/span><div class=\"fusion-li-item-content\">\n<p>Barri de la S\u00ednia, Martorell, Barcelona<\/p>\n<\/div><\/li><li class=\"fusion-li-item\" style=\"--awb-iconcolor:#a61933;\"><span class=\"icon-wrapper circle-no\"><i class=\"fusion-li-icon fa-bed fas\" aria-hidden=\"true\"><\/i><\/span><div class=\"fusion-li-item-content\">\n<p>98 habitacions<\/p>\n<\/div><\/li><li class=\"fusion-li-item\" style=\"--awb-iconcolor:#a61933;\"><span class=\"icon-wrapper circle-no\"><i class=\"fusion-li-icon fa-pencil-ruler fas\" aria-hidden=\"true\"><\/i><\/span><div class=\"fusion-li-item-content\">\n<p>Promotor: Grupo SALAS<\/p>\n<\/div><\/li><li class=\"fusion-li-item\" style=\"--awb-iconcolor:#a61933;\"><span class=\"icon-wrapper circle-no\"><i class=\"fusion-li-icon fa-suitcase-rolling fas\" aria-hidden=\"true\"><\/i><\/span><div class=\"fusion-li-item-content\">\n<p>Grup hoteler: IHG Hotels &amp; Resort<\/p>\n<\/div><\/li><li class=\"fusion-li-item\" style=\"--awb-iconcolor:#a61933;\"><span class=\"icon-wrapper circle-no\"><i class=\"fusion-li-icon fa-hotel fas\" aria-hidden=\"true\"><\/i><\/span><div class=\"fusion-li-item-content\">\n<p>Operador: T3 Hospitality<\/p>\n<\/div><\/li><\/ul><\/div><\/div><\/div><\/div><div class=\"fusion-fullwidth fullwidth-box fusion-builder-row-5 fusion-flex-container has-pattern-background has-mask-background nonhundred-percent-fullwidth non-hundred-percent-height-scrolling\" style=\"--awb-border-radius-top-left:0px;--awb-border-radius-top-right:0px;--awb-border-radius-bottom-right:0px;--awb-border-radius-bottom-left:0px;--awb-flex-wrap:wrap;\" ><div class=\"fusion-builder-row fusion-row fusion-flex-align-items-flex-start fusion-flex-content-wrap\" style=\"max-width:1248px;margin-left: calc(-4% \/ 2 );margin-right: calc(-4% \/ 2 );\"><\/div><\/div><\/p>\n","protected":false},"excerpt":{"rendered":"","protected":false},"author":12,"featured_media":0,"parent":0,"menu_order":0,"comment_status":"closed","ping_status":"closed","template":"","meta":{"footnotes":""},"class_list":["post-62796","page","type-page","status-publish","hentry"],"yoast_head":"<!-- This site is optimized with the Yoast SEO plugin v27.4 - https:\/\/yoast.com\/product\/yoast-seo-wordpress\/ -->\n<title>Projectes hotelers - SALAS<\/title>\n<meta name=\"robots\" content=\"index, follow, max-snippet:-1, max-image-preview:large, max-video-preview:-1\" \/>\n<link rel=\"canonical\" href=\"https:\/\/www.salas.plus\/ca\/projectes-hotelers\/\" \/>\n<meta property=\"og:locale\" content=\"ca_ES\" \/>\n<meta property=\"og:type\" content=\"article\" \/>\n<meta property=\"og:title\" content=\"Projectes hotelers - SALAS\" \/>\n<meta property=\"og:url\" content=\"https:\/\/www.salas.plus\/ca\/projectes-hotelers\/\" \/>\n<meta property=\"og:site_name\" content=\"SALAS\" \/>\n<meta property=\"article:modified_time\" content=\"2025-12-05T12:54:21+00:00\" \/>\n<meta name=\"twitter:card\" content=\"summary_large_image\" \/>\n<meta name=\"twitter:label1\" content=\"Temps estimat de lectura\" \/>\n\t<meta name=\"twitter:data1\" content=\"2 minuts\" \/>\n<script type=\"application\/ld+json\" class=\"yoast-schema-graph\">{\"@context\":\"https:\\\/\\\/schema.org\",\"@graph\":[{\"@type\":\"WebPage\",\"@id\":\"https:\\\/\\\/www.salas.plus\\\/ca\\\/projectes-hotelers\\\/\",\"url\":\"https:\\\/\\\/www.salas.plus\\\/ca\\\/projectes-hotelers\\\/\",\"name\":\"Projectes hotelers - SALAS\",\"isPartOf\":{\"@id\":\"https:\\\/\\\/www.salas.plus\\\/#website\"},\"datePublished\":\"2025-12-01T16:38:28+00:00\",\"dateModified\":\"2025-12-05T12:54:21+00:00\",\"breadcrumb\":{\"@id\":\"https:\\\/\\\/www.salas.plus\\\/ca\\\/projectes-hotelers\\\/#breadcrumb\"},\"inLanguage\":\"ca\",\"potentialAction\":[{\"@type\":\"ReadAction\",\"target\":[\"https:\\\/\\\/www.salas.plus\\\/ca\\\/projectes-hotelers\\\/\"]}]},{\"@type\":\"BreadcrumbList\",\"@id\":\"https:\\\/\\\/www.salas.plus\\\/ca\\\/projectes-hotelers\\\/#breadcrumb\",\"itemListElement\":[{\"@type\":\"ListItem\",\"position\":1,\"name\":\"Home\",\"item\":\"https:\\\/\\\/www.salas.plus\\\/ca\\\/\"},{\"@type\":\"ListItem\",\"position\":2,\"name\":\"Projectes hotelers\"}]},{\"@type\":\"WebSite\",\"@id\":\"https:\\\/\\\/www.salas.plus\\\/#website\",\"url\":\"https:\\\/\\\/www.salas.plus\\\/\",\"name\":\"SALAS\",\"description\":\"Experts en gesti\u00f3 immobili\u00e0ria\",\"publisher\":{\"@id\":\"https:\\\/\\\/www.salas.plus\\\/#organization\"},\"potentialAction\":[{\"@type\":\"SearchAction\",\"target\":{\"@type\":\"EntryPoint\",\"urlTemplate\":\"https:\\\/\\\/www.salas.plus\\\/?s={search_term_string}\"},\"query-input\":{\"@type\":\"PropertyValueSpecification\",\"valueRequired\":true,\"valueName\":\"search_term_string\"}}],\"inLanguage\":\"ca\"},{\"@type\":\"Organization\",\"@id\":\"https:\\\/\\\/www.salas.plus\\\/#organization\",\"name\":\"Salas\",\"url\":\"https:\\\/\\\/www.salas.plus\\\/\",\"logo\":{\"@type\":\"ImageObject\",\"inLanguage\":\"ca\",\"@id\":\"https:\\\/\\\/www.salas.plus\\\/#\\\/schema\\\/logo\\\/image\\\/\",\"url\":\"https:\\\/\\\/www.salas.plus\\\/wp-content\\\/uploads\\\/2021\\\/02\\\/Logo_SALAS_Vertical.jpg\",\"contentUrl\":\"https:\\\/\\\/www.salas.plus\\\/wp-content\\\/uploads\\\/2021\\\/02\\\/Logo_SALAS_Vertical.jpg\",\"width\":122,\"height\":112,\"caption\":\"Salas\"},\"image\":{\"@id\":\"https:\\\/\\\/www.salas.plus\\\/#\\\/schema\\\/logo\\\/image\\\/\"}}]}<\/script>\n<!-- \/ Yoast SEO plugin. -->","yoast_head_json":{"title":"Projectes hotelers - SALAS","robots":{"index":"index","follow":"follow","max-snippet":"max-snippet:-1","max-image-preview":"max-image-preview:large","max-video-preview":"max-video-preview:-1"},"canonical":"https:\/\/www.salas.plus\/ca\/projectes-hotelers\/","og_locale":"ca_ES","og_type":"article","og_title":"Projectes hotelers - SALAS","og_url":"https:\/\/www.salas.plus\/ca\/projectes-hotelers\/","og_site_name":"SALAS","article_modified_time":"2025-12-05T12:54:21+00:00","twitter_card":"summary_large_image","twitter_misc":{"Temps estimat de lectura":"2 minuts"},"schema":{"@context":"https:\/\/schema.org","@graph":[{"@type":"WebPage","@id":"https:\/\/www.salas.plus\/ca\/projectes-hotelers\/","url":"https:\/\/www.salas.plus\/ca\/projectes-hotelers\/","name":"Projectes hotelers - SALAS","isPartOf":{"@id":"https:\/\/www.salas.plus\/#website"},"datePublished":"2025-12-01T16:38:28+00:00","dateModified":"2025-12-05T12:54:21+00:00","breadcrumb":{"@id":"https:\/\/www.salas.plus\/ca\/projectes-hotelers\/#breadcrumb"},"inLanguage":"ca","potentialAction":[{"@type":"ReadAction","target":["https:\/\/www.salas.plus\/ca\/projectes-hotelers\/"]}]},{"@type":"BreadcrumbList","@id":"https:\/\/www.salas.plus\/ca\/projectes-hotelers\/#breadcrumb","itemListElement":[{"@type":"ListItem","position":1,"name":"Home","item":"https:\/\/www.salas.plus\/ca\/"},{"@type":"ListItem","position":2,"name":"Projectes hotelers"}]},{"@type":"WebSite","@id":"https:\/\/www.salas.plus\/#website","url":"https:\/\/www.salas.plus\/","name":"SALAS","description":"Experts en gesti\u00f3 immobili\u00e0ria","publisher":{"@id":"https:\/\/www.salas.plus\/#organization"},"potentialAction":[{"@type":"SearchAction","target":{"@type":"EntryPoint","urlTemplate":"https:\/\/www.salas.plus\/?s={search_term_string}"},"query-input":{"@type":"PropertyValueSpecification","valueRequired":true,"valueName":"search_term_string"}}],"inLanguage":"ca"},{"@type":"Organization","@id":"https:\/\/www.salas.plus\/#organization","name":"Salas","url":"https:\/\/www.salas.plus\/","logo":{"@type":"ImageObject","inLanguage":"ca","@id":"https:\/\/www.salas.plus\/#\/schema\/logo\/image\/","url":"https:\/\/www.salas.plus\/wp-content\/uploads\/2021\/02\/Logo_SALAS_Vertical.jpg","contentUrl":"https:\/\/www.salas.plus\/wp-content\/uploads\/2021\/02\/Logo_SALAS_Vertical.jpg","width":122,"height":112,"caption":"Salas"},"image":{"@id":"https:\/\/www.salas.plus\/#\/schema\/logo\/image\/"}}]}},"_links":{"self":[{"href":"https:\/\/www.salas.plus\/ca\/wp-json\/wp\/v2\/pages\/62796","targetHints":{"allow":["GET"]}}],"collection":[{"href":"https:\/\/www.salas.plus\/ca\/wp-json\/wp\/v2\/pages"}],"about":[{"href":"https:\/\/www.salas.plus\/ca\/wp-json\/wp\/v2\/types\/page"}],"author":[{"embeddable":true,"href":"https:\/\/www.salas.plus\/ca\/wp-json\/wp\/v2\/users\/12"}],"replies":[{"embeddable":true,"href":"https:\/\/www.salas.plus\/ca\/wp-json\/wp\/v2\/comments?post=62796"}],"version-history":[{"count":25,"href":"https:\/\/www.salas.plus\/ca\/wp-json\/wp\/v2\/pages\/62796\/revisions"}],"predecessor-version":[{"id":63207,"href":"https:\/\/www.salas.plus\/ca\/wp-json\/wp\/v2\/pages\/62796\/revisions\/63207"}],"wp:attachment":[{"href":"https:\/\/www.salas.plus\/ca\/wp-json\/wp\/v2\/media?parent=62796"}],"curies":[{"name":"wp","href":"https:\/\/api.w.org\/{rel}","templated":true}]}}