{"id":35858,"date":"2022-09-20T13:08:48","date_gmt":"2022-09-20T13:08:48","guid":{"rendered":"https:\/\/www.salas.plus\/?page_id=35858"},"modified":"2025-05-19T14:50:10","modified_gmt":"2025-05-19T14:50:10","slug":"politica-privacitat-cat","status":"publish","type":"page","link":"https:\/\/www.salas.plus\/ca\/politica-privacitat-cat\/","title":{"rendered":"Pol\u00edtica de Privacitat"},"content":{"rendered":"<p><div class=\"fusion-fullwidth fullwidth-box fusion-builder-row-1 nonhundred-percent-fullwidth non-hundred-percent-height-scrolling\" style=\"--awb-background-position:left top;--awb-border-sizes-top:0px;--awb-border-sizes-bottom:0px;--awb-border-sizes-left:0px;--awb-border-sizes-right:0px;--awb-border-radius-top-left:0px;--awb-border-radius-top-right:0px;--awb-border-radius-bottom-right:0px;--awb-border-radius-bottom-left:0px;--awb-padding-top:50px;--awb-padding-bottom:50px;--awb-background-color:#ffffff;--awb-flex-wrap:wrap;\" ><div class=\"fusion-builder-row fusion-row\"><div class=\"fusion-layout-column fusion_builder_column fusion-builder-column-0 fusion_builder_column_1_1 1_1 fusion-one-full fusion-column-first fusion-column-last\" style=\"--awb-bg-size:cover;\"><div class=\"fusion-column-wrapper fusion-flex-column-wrapper-legacy\"><div class=\"fusion-title title fusion-title-1 fusion-sep-none fusion-title-text fusion-title-size-one\"><h1 class=\"fusion-title-heading title-heading-left fusion-responsive-typography-calculated\" style=\"margin:0;--fontSize:28;line-height:1.40;\">POL\u00cdTICA DE PRIVACITAT<\/h1><\/div><div class=\"fusion-clearfix\"><\/div><\/div><\/div><\/div><\/div><div class=\"fusion-fullwidth fullwidth-box fusion-builder-row-2 nonhundred-percent-fullwidth non-hundred-percent-height-scrolling\" style=\"--awb-border-radius-top-left:0px;--awb-border-radius-top-right:0px;--awb-border-radius-bottom-right:0px;--awb-border-radius-bottom-left:0px;--awb-flex-wrap:wrap;\" ><div class=\"fusion-builder-row fusion-row\"><div class=\"fusion-layout-column fusion_builder_column fusion-builder-column-1 fusion_builder_column_1_1 1_1 fusion-one-full fusion-column-first fusion-column-last\" style=\"--awb-bg-size:cover;\"><div class=\"fusion-column-wrapper fusion-flex-column-wrapper-legacy\"><div class=\"fusion-text fusion-text-1\"><p><strong>POL\u00cdTICA DE PRIVACITAT DE SALAS\u00a0PLUSHABIT, S.L.<\/strong><\/p>\n<p><strong>1<\/strong><strong>.- Introducci\u00f3<\/strong><\/p>\n<p>La present Pol\u00edtica de Privacitat t\u00e9 com a finalitat donar a con\u00e8ixer les condicions que regulen la recollida i tractament de les seves dades personals per a vetllar pel compliment dels drets fonamentals, honor i llibertats, en compliment de les normatives vigents a la Uni\u00f3 Europea i l&#8217;estat espanyol que regulen la Protecci\u00f3 de dades personals, en compliment de:<\/p>\n<ul>\n<li>El Reglament (UE) 2016\/679 del Parlament Europeu i del Consell de 27 d&#8217;abril de 2016 (RGPD), relatiu a la protecci\u00f3 de les persones f\u00edsiques pel que fa al tractament de dades personals i a la lliure circulaci\u00f3 d&#8217;aquestes dades.<\/li>\n<li>Llei org\u00e0nica 3\/2018, de 5 de desembre de Protecci\u00f3 de Dades Personals i Garantia dels Drets digitals (LOPDGDD).<\/li>\n<li>Llei 34\/2002, d&#8217;11 de juliol, de Serveis de la Societat de la informaci\u00f3 i de Comer\u00e7 Electr\u00f2nic (LSSICE).<\/li>\n<\/ul>\n<p>En aquest sentit, <strong>SALAS\u00a0<\/strong>PLUSHABIT, S.L. amb la finalitat de complir amb el deure d&#8217;informaci\u00f3 sobre com es tracten les seves dades personals, l&#8217;informem del seg\u00fcent:<\/p>\n<p><strong>2.- Dades del Responsable del Tractament:<\/strong><\/p>\n<p>SALAS\u00a0PLUSHABIT, S.L., amb domicili en Rambla, n\u00fam. 221 de Sabadell Tel\u00e8fon: 937457300. Correu electr\u00f2nic: <a href=\"mailto:comercial@salas.plus\">comercial@salas.plus<\/a><\/p>\n<p><strong>3.-Finalitats del Tractament de Dades<\/strong><\/p>\n<p>En SALAS\u00a0PLUSHABIT, S.L. tractem la informaci\u00f3 que ens faciliten les persones interessades en els serveis prestats i previ consentiment per a gestionar una o diverses de les seg\u00fcents finalitats: resposta a les consultes informatives rebudes a trav\u00e9s del formulari electr\u00f2nic de la web o b\u00e9 mitjan\u00e7ant trucada telef\u00f2nica, gestionar la seva candidatura d&#8217;ocupaci\u00f3 (per a mantenir-li informat sobre el proc\u00e9s de selecci\u00f3 de personal i notificar-li sobre futures ofertes d&#8217;ocupaci\u00f3), remissi\u00f3 de la nostra\u00a0Newsletter\u00a0amb informaci\u00f3 sobre les promocions immobili\u00e0ries gestionades amb elaboraci\u00f3 en alguns casos de taques de segmentaci\u00f3 o elaboraci\u00f3 de perfils amb la finalitat de dirigir la publicitat a remetre, per\u00f2 sense prendre decisions automatitzades sobre la base dels perfils.<\/p>\n<p><strong>4.- Temps de conservaci\u00f3 de les dades personals<\/strong><\/p>\n<p>Les dades proporcionades es conservaran durant el temps necessari per complir amb les finalitats anteriorment indicades i, excepte obligaci\u00f3 legal, seran els seg\u00fcents:<\/p>\n<p>Respecte a l&#8217;enviament de la\u00a0Newsletter\u00a0es conservaran les dades personals mentre es mantingui la subscripci\u00f3 a la mateixa i no se sol\u00b7liciti la supressi\u00f3 per l&#8217;interessat.<\/p>\n<p>Quant a les consultes Website, el termini m\u00e0xim de conservaci\u00f3 ser\u00e0 de 4 anys a partir de l&#8217;\u00faltima confirmaci\u00f3 d&#8217;inter\u00e8s, conservant-se mentre no se sol\u00b7liciti la supressi\u00f3 per l&#8217;interessat i mentre sigui necessari sobre la base dels terminis de prescripci\u00f3 necessaris en funci\u00f3 de la finalitat per a la qual van ser recaptats.<\/p>\n<p>No obstant aix\u00f2, SALAS\u00a0PLUSHABIT, S.L. dur\u00e0 a terme peri\u00f2dicament una an\u00e0lisi dels per\u00edodes de conservaci\u00f3 de les dades, eliminant d&#8217;ofici aquella informaci\u00f3 del qual hagi quedat obsoleta o\u00a0desactualizada.<\/p>\n<p><strong>5.- Legitimaci\u00f3 per al seu tractament.<\/strong><\/p>\n<p>La base legal per al tractament de les seves dades es basa en el consentiment de l&#8217;interessat regulat en l&#8217;art. 6.1. a)\u00a0RGPD.<\/p>\n<p><strong>6.- Destinataris de les dades personals<\/strong><\/p>\n<p>SALAS\u00a0PLUSHABIT, SL no cedir\u00e0 les seves dades personals a tercers, excepte per obligaci\u00f3 legal. No obstant aix\u00f2, les seves dades podran ser transferits al personal autoritzat de SALAS\u00a0PLUSHABIT, S.L. o representants que actu\u00efn en el seu nom per a finalitats administratives internes, que estaran subjectes a la normativa sobre protecci\u00f3 de dades.<\/p>\n<p>En determinats suposats \u00e9s possible que requerim compartir les seves dades personals amb les empreses Promotores a les quals SALAS\u00a0PLUSHABIT, S.L., presta serveis amb la finalitat d&#8217;informar-lo sobre les promocions immobili\u00e0ries que siguin del seu inter\u00e8s, sempre que tinguin vinculaci\u00f3 directa amb la finalitat del tractament i sense que puguin destinar-los a qualsevol altra finalitat.<\/p>\n<p><strong>7.- Drets dels interessats<\/strong><\/p>\n<p>Qualsevol persona t\u00e9 el dret a sol\u00b7licitar l&#8217;acc\u00e9s a les seves dades personals, la seva rectificaci\u00f3 o supressi\u00f3, o la limitaci\u00f3 del seu tractament, o a oposar-se al tractament, aix\u00ed com el dret a la portabilitat de les dades. Aix\u00ed mateix, tindr\u00e0 dret a retirar el seu consentiment, dirigint una carta a <strong>SALAS\u00a0PLUSHABIT, S.L<\/strong>. en l&#8217;adre\u00e7a: Rambla, n\u00fam. 221 de Sabadell (08202), Tel\u00e8fon: 937457300 o b\u00e9 mitjan\u00e7ant Correu electr\u00f2nic dirigit a: comercial@salas.plus i indicant l&#8217;exercici que desitja exercitar. Aix\u00ed com acreditar la seva identitat acompanyant fotoc\u00f2pia del DNI del sol\u00b7licitant.<\/p>\n<p>Aix\u00ed mateix, l&#8217;informem que t\u00e9 dret a presentar una reclamaci\u00f3 davant l&#8217;autoritat de control competent (Ag\u00e8ncia Espanyola de Protecci\u00f3 de Dades), si considera que s&#8217;ha produ\u00eft algun tipus de vulneraci\u00f3 en relaci\u00f3 amb el tractament de les seves dades personals.<\/p>\n<p>En el cas que sol\u00b7liciti la limitaci\u00f3 del tractament de les seves dades, \u00fanicament els conservarem per a l&#8217;exercici o la defensa de reclamacions i en els casos d&#8217;oposici\u00f3 deixaran de tractar-se les dades, excepte per motius leg\u00edtims imperiosos, o l&#8217;exercici o la defensa de possibles reclamacions.<\/p>\n<p><strong>SALAS\u00a0PLUSHABIT, S.L.<\/strong> ha adoptat totes les mesures t\u00e8cniques i d&#8217;organitzaci\u00f3 necess\u00e0ries per a garantir la seguretat i integritat de les dades de car\u00e0cter personal que tracti, aix\u00ed com per a evitar la seva p\u00e8rdua, alteraci\u00f3 i\/o acc\u00e9s per part de tercers no autoritzats, reservant-se el dret a modificar la present pol\u00edtica per a adaptar-la a novetats legislatives o jurisprudencials, aix\u00ed com a pr\u00e0ctiques de la ind\u00fastria.<\/p>\n<p>Per a garantir que les dades que tenim s\u00f3n correctes i es troben actualitzats, li preguem que, si es produeix alguna modificaci\u00f3 en les seves dades personals, o si, per qualsevol motiu, detecta que tenim alguna dada seva incorrecta, ens el comuniqui al m\u00e9s aviat possible per a procedir a l&#8217;oportuna esmena.<\/p>\n<p><strong>8.- \u00das de dades per a finalitats publicit\u00e0ries i anal\u00edtiques<br \/>\n<\/strong><\/p>\n<p class=\"\" data-start=\"22\" data-end=\"560\">Les dades personals proporcionades mitjan\u00e7ant aquest formulari\/els nostres formularis, en particular el correu electr\u00f2nic i el n\u00famero de tel\u00e8fon, podran ser compartides de manera segura i encriptada amb plataformes de publicitat i anal\u00edtica, com ara Google Ads, Google Analytics o Meta Ads. Aquesta comunicaci\u00f3 t\u00e9 com a finalitat exclusiva millorar la mesura del rendiment de les nostres campanyes mitjan\u00e7ant sistemes de \u201cconversions millorades\u201d o altres mecanismes similars.<\/p>\n<p class=\"\" data-start=\"562\" data-end=\"1090\">Aquesta transmissi\u00f3 de dades es duu a terme complint estrictes protocols de seguretat, aplicant t\u00e8cniques de hash (com ara SHA-256), de manera que la informaci\u00f3 enviada a aquestes plataformes no permet la identificaci\u00f3 directa dels usuaris per part de tercers.<br data-start=\"822\" data-end=\"825\" \/>Aquest tractament es basa en el nostre inter\u00e8s leg\u00edtim a millorar l&#8217;efic\u00e0cia de les nostres accions de m\u00e0rqueting, sense perjudici del dret de l&#8217;usuari a oposar-se a aquest tractament, d\u2019acord amb el que disposa la normativa vigent en mat\u00e8ria de protecci\u00f3 de dades.<\/p>\n<\/div><div class=\"fusion-clearfix\"><\/div><\/div><\/div><\/div><\/div><\/p>\n","protected":false},"excerpt":{"rendered":"","protected":false},"author":1,"featured_media":0,"parent":0,"menu_order":0,"comment_status":"closed","ping_status":"closed","template":"","meta":{"footnotes":""},"class_list":["post-35858","page","type-page","status-publish","hentry"],"yoast_head":"<!-- This site is optimized with the Yoast SEO plugin v27.4 - https:\/\/yoast.com\/product\/yoast-seo-wordpress\/ -->\n<title>Pol\u00edtica de Privacitat - SALAS<\/title>\n<meta name=\"robots\" content=\"index, follow, max-snippet:-1, max-image-preview:large, max-video-preview:-1\" \/>\n<link rel=\"canonical\" href=\"https:\/\/www.salas.plus\/ca\/politica-privacitat-cat\/\" \/>\n<meta property=\"og:locale\" content=\"ca_ES\" \/>\n<meta property=\"og:type\" content=\"article\" \/>\n<meta property=\"og:title\" content=\"Pol\u00edtica de Privacitat - SALAS\" \/>\n<meta property=\"og:url\" content=\"https:\/\/www.salas.plus\/ca\/politica-privacitat-cat\/\" \/>\n<meta property=\"og:site_name\" content=\"SALAS\" \/>\n<meta property=\"article:modified_time\" content=\"2025-05-19T14:50:10+00:00\" \/>\n<meta name=\"twitter:card\" content=\"summary_large_image\" \/>\n<meta name=\"twitter:label1\" content=\"Temps estimat de lectura\" \/>\n\t<meta name=\"twitter:data1\" content=\"5 minuts\" \/>\n<script type=\"application\/ld+json\" class=\"yoast-schema-graph\">{\"@context\":\"https:\\\/\\\/schema.org\",\"@graph\":[{\"@type\":\"WebPage\",\"@id\":\"https:\\\/\\\/www.salas.plus\\\/ca\\\/politica-privacitat-cat\\\/\",\"url\":\"https:\\\/\\\/www.salas.plus\\\/ca\\\/politica-privacitat-cat\\\/\",\"name\":\"Pol\u00edtica de Privacitat - SALAS\",\"isPartOf\":{\"@id\":\"https:\\\/\\\/www.salas.plus\\\/#website\"},\"datePublished\":\"2022-09-20T13:08:48+00:00\",\"dateModified\":\"2025-05-19T14:50:10+00:00\",\"breadcrumb\":{\"@id\":\"https:\\\/\\\/www.salas.plus\\\/ca\\\/politica-privacitat-cat\\\/#breadcrumb\"},\"inLanguage\":\"ca\",\"potentialAction\":[{\"@type\":\"ReadAction\",\"target\":[\"https:\\\/\\\/www.salas.plus\\\/ca\\\/politica-privacitat-cat\\\/\"]}]},{\"@type\":\"BreadcrumbList\",\"@id\":\"https:\\\/\\\/www.salas.plus\\\/ca\\\/politica-privacitat-cat\\\/#breadcrumb\",\"itemListElement\":[{\"@type\":\"ListItem\",\"position\":1,\"name\":\"Home\",\"item\":\"https:\\\/\\\/www.salas.plus\\\/ca\\\/\"},{\"@type\":\"ListItem\",\"position\":2,\"name\":\"Pol\u00edtica de Privacitat\"}]},{\"@type\":\"WebSite\",\"@id\":\"https:\\\/\\\/www.salas.plus\\\/#website\",\"url\":\"https:\\\/\\\/www.salas.plus\\\/\",\"name\":\"SALAS\",\"description\":\"Experts en gesti\u00f3 immobili\u00e0ria\",\"publisher\":{\"@id\":\"https:\\\/\\\/www.salas.plus\\\/#organization\"},\"potentialAction\":[{\"@type\":\"SearchAction\",\"target\":{\"@type\":\"EntryPoint\",\"urlTemplate\":\"https:\\\/\\\/www.salas.plus\\\/?s={search_term_string}\"},\"query-input\":{\"@type\":\"PropertyValueSpecification\",\"valueRequired\":true,\"valueName\":\"search_term_string\"}}],\"inLanguage\":\"ca\"},{\"@type\":\"Organization\",\"@id\":\"https:\\\/\\\/www.salas.plus\\\/#organization\",\"name\":\"Salas\",\"url\":\"https:\\\/\\\/www.salas.plus\\\/\",\"logo\":{\"@type\":\"ImageObject\",\"inLanguage\":\"ca\",\"@id\":\"https:\\\/\\\/www.salas.plus\\\/#\\\/schema\\\/logo\\\/image\\\/\",\"url\":\"https:\\\/\\\/www.salas.plus\\\/wp-content\\\/uploads\\\/2021\\\/02\\\/Logo_SALAS_Vertical.jpg\",\"contentUrl\":\"https:\\\/\\\/www.salas.plus\\\/wp-content\\\/uploads\\\/2021\\\/02\\\/Logo_SALAS_Vertical.jpg\",\"width\":122,\"height\":112,\"caption\":\"Salas\"},\"image\":{\"@id\":\"https:\\\/\\\/www.salas.plus\\\/#\\\/schema\\\/logo\\\/image\\\/\"}}]}<\/script>\n<!-- \/ Yoast SEO plugin. -->","yoast_head_json":{"title":"Pol\u00edtica de Privacitat - SALAS","robots":{"index":"index","follow":"follow","max-snippet":"max-snippet:-1","max-image-preview":"max-image-preview:large","max-video-preview":"max-video-preview:-1"},"canonical":"https:\/\/www.salas.plus\/ca\/politica-privacitat-cat\/","og_locale":"ca_ES","og_type":"article","og_title":"Pol\u00edtica de Privacitat - SALAS","og_url":"https:\/\/www.salas.plus\/ca\/politica-privacitat-cat\/","og_site_name":"SALAS","article_modified_time":"2025-05-19T14:50:10+00:00","twitter_card":"summary_large_image","twitter_misc":{"Temps estimat de lectura":"5 minuts"},"schema":{"@context":"https:\/\/schema.org","@graph":[{"@type":"WebPage","@id":"https:\/\/www.salas.plus\/ca\/politica-privacitat-cat\/","url":"https:\/\/www.salas.plus\/ca\/politica-privacitat-cat\/","name":"Pol\u00edtica de Privacitat - SALAS","isPartOf":{"@id":"https:\/\/www.salas.plus\/#website"},"datePublished":"2022-09-20T13:08:48+00:00","dateModified":"2025-05-19T14:50:10+00:00","breadcrumb":{"@id":"https:\/\/www.salas.plus\/ca\/politica-privacitat-cat\/#breadcrumb"},"inLanguage":"ca","potentialAction":[{"@type":"ReadAction","target":["https:\/\/www.salas.plus\/ca\/politica-privacitat-cat\/"]}]},{"@type":"BreadcrumbList","@id":"https:\/\/www.salas.plus\/ca\/politica-privacitat-cat\/#breadcrumb","itemListElement":[{"@type":"ListItem","position":1,"name":"Home","item":"https:\/\/www.salas.plus\/ca\/"},{"@type":"ListItem","position":2,"name":"Pol\u00edtica de Privacitat"}]},{"@type":"WebSite","@id":"https:\/\/www.salas.plus\/#website","url":"https:\/\/www.salas.plus\/","name":"SALAS","description":"Experts en gesti\u00f3 immobili\u00e0ria","publisher":{"@id":"https:\/\/www.salas.plus\/#organization"},"potentialAction":[{"@type":"SearchAction","target":{"@type":"EntryPoint","urlTemplate":"https:\/\/www.salas.plus\/?s={search_term_string}"},"query-input":{"@type":"PropertyValueSpecification","valueRequired":true,"valueName":"search_term_string"}}],"inLanguage":"ca"},{"@type":"Organization","@id":"https:\/\/www.salas.plus\/#organization","name":"Salas","url":"https:\/\/www.salas.plus\/","logo":{"@type":"ImageObject","inLanguage":"ca","@id":"https:\/\/www.salas.plus\/#\/schema\/logo\/image\/","url":"https:\/\/www.salas.plus\/wp-content\/uploads\/2021\/02\/Logo_SALAS_Vertical.jpg","contentUrl":"https:\/\/www.salas.plus\/wp-content\/uploads\/2021\/02\/Logo_SALAS_Vertical.jpg","width":122,"height":112,"caption":"Salas"},"image":{"@id":"https:\/\/www.salas.plus\/#\/schema\/logo\/image\/"}}]}},"_links":{"self":[{"href":"https:\/\/www.salas.plus\/ca\/wp-json\/wp\/v2\/pages\/35858","targetHints":{"allow":["GET"]}}],"collection":[{"href":"https:\/\/www.salas.plus\/ca\/wp-json\/wp\/v2\/pages"}],"about":[{"href":"https:\/\/www.salas.plus\/ca\/wp-json\/wp\/v2\/types\/page"}],"author":[{"embeddable":true,"href":"https:\/\/www.salas.plus\/ca\/wp-json\/wp\/v2\/users\/1"}],"replies":[{"embeddable":true,"href":"https:\/\/www.salas.plus\/ca\/wp-json\/wp\/v2\/comments?post=35858"}],"version-history":[{"count":2,"href":"https:\/\/www.salas.plus\/ca\/wp-json\/wp\/v2\/pages\/35858\/revisions"}],"predecessor-version":[{"id":60718,"href":"https:\/\/www.salas.plus\/ca\/wp-json\/wp\/v2\/pages\/35858\/revisions\/60718"}],"wp:attachment":[{"href":"https:\/\/www.salas.plus\/ca\/wp-json\/wp\/v2\/media?parent=35858"}],"curies":[{"name":"wp","href":"https:\/\/api.w.org\/{rel}","templated":true}]}}