{"id":30888,"date":"2022-06-09T11:50:42","date_gmt":"2022-06-09T11:50:42","guid":{"rendered":"https:\/\/www.salas.plus\/?page_id=30888"},"modified":"2026-03-20T12:20:00","modified_gmt":"2026-03-20T12:20:00","slug":"comprem-sol","status":"publish","type":"page","link":"https:\/\/www.salas.plus\/ca\/comprem-sol\/","title":{"rendered":"Comprem s\u00f2l"},"content":{"rendered":"<p><div class=\"fusion-fullwidth fullwidth-box fusion-builder-row-1 nonhundred-percent-fullwidth non-hundred-percent-height-scrolling\" style=\"--awb-border-radius-top-left:0px;--awb-border-radius-top-right:0px;--awb-border-radius-bottom-right:0px;--awb-border-radius-bottom-left:0px;--awb-margin-top:5px;--awb-margin-bottom:5px;--awb-flex-wrap:wrap;\" ><div class=\"fusion-builder-row fusion-row\"><div class=\"fusion-layout-column fusion_builder_column fusion-builder-column-0 fusion_builder_column_1_1 1_1 fusion-one-full fusion-column-first fusion-column-last\" style=\"--awb-bg-size:cover;\"><div class=\"fusion-column-wrapper fusion-column-has-shadow fusion-flex-column-wrapper-legacy\"><div class=\"fusion-text fusion-text-1\"><p><span style=\"color: #333333; font-size: 12px; font-weight: 300;\"><a href=\"https:\/\/www.salas.plus\/ca\/\">Inici<\/a>\u00a0 |\u00a0 <a href=\"https:\/\/www.salas.plus\/ca\/comprem-sol\/\">Comprem s\u00f2l<\/a><\/span><\/p>\n<\/div><div class=\"fusion-clearfix\"><\/div><\/div><\/div><\/div><\/div><div class=\"fusion-fullwidth fullwidth-box fusion-builder-row-2 fusion-flex-container has-pattern-background has-mask-background nonhundred-percent-fullwidth non-hundred-percent-height-scrolling\" style=\"--awb-border-radius-top-left:0px;--awb-border-radius-top-right:0px;--awb-border-radius-bottom-right:0px;--awb-border-radius-bottom-left:0px;--awb-flex-wrap:wrap;\" ><div class=\"fusion-builder-row fusion-row fusion-flex-align-items-flex-start fusion-flex-content-wrap\" style=\"max-width:1248px;margin-left: calc(-4% \/ 2 );margin-right: calc(-4% \/ 2 );\"><div class=\"fusion-layout-column fusion_builder_column fusion-builder-column-1 fusion_builder_column_1_1 1_1 fusion-flex-column\" style=\"--awb-padding-top:10px;--awb-padding-right:20px;--awb-padding-bottom:10px;--awb-padding-left:20px;--awb-bg-image:url(&#039;https:\/\/www.salas.plus\/wp-content\/uploads\/2025\/12\/Franja-salas-1.jpg&#039;);--awb-bg-size:cover;--awb-width-large:100%;--awb-margin-top-large:0px;--awb-spacing-right-large:1.92%;--awb-margin-bottom-large:0px;--awb-spacing-left-large:1.92%;--awb-width-medium:100%;--awb-order-medium:0;--awb-spacing-right-medium:1.92%;--awb-spacing-left-medium:1.92%;--awb-width-small:100%;--awb-order-small:0;--awb-spacing-right-small:1.92%;--awb-spacing-left-small:1.92%;\" data-scroll-devices=\"small-visibility,medium-visibility,large-visibility\"><div class=\"fusion-column-wrapper fusion-column-has-shadow fusion-flex-justify-content-flex-start fusion-content-layout-column fusion-column-has-bg-image\" data-bg-url=\"https:\/\/www.salas.plus\/wp-content\/uploads\/2025\/12\/Franja-salas-1.jpg\"><div class=\"fusion-text fusion-text-2\" style=\"--awb-text-transform:none;--awb-margin-left:20px;\"><h1 style=\"font-size: 45px;\"><span style=\"color: #ffffff;\">COMPREM S\u00d2L<\/span><\/h1>\n<\/div><\/div><\/div><\/div><\/div><div class=\"fusion-fullwidth fullwidth-box fusion-builder-row-3 has-pattern-background has-mask-background nonhundred-percent-fullwidth non-hundred-percent-height-scrolling\" style=\"--awb-border-radius-top-left:0px;--awb-border-radius-top-right:0px;--awb-border-radius-bottom-right:0px;--awb-border-radius-bottom-left:0px;--awb-margin-top:30px;--awb-flex-wrap:wrap;\" ><div class=\"fusion-builder-row fusion-row\"><div class=\"fusion-layout-column fusion_builder_column fusion-builder-column-2 fusion_builder_column_1_1 1_1 fusion-one-full fusion-column-first fusion-column-last\" style=\"--awb-bg-size:cover;\"><div class=\"fusion-column-wrapper fusion-column-has-shadow fusion-flex-column-wrapper-legacy\"><div class=\"fusion-text fusion-text-3\"><p><span data-teams=\"true\">Com a experts en gesti\u00f3 immobili\u00e0ria global des de fa 30 anys i amb l\u2019experi\u00e8ncia de m\u00e9s de 4.000 llars entregades, el nostre departament de S\u00f2l i Expansi\u00f3 s\u2019encarrega de trobar l\u2019empla\u00e7ament ideal, seleccionant ubicacions ben connectades i amb acc\u00e9s a transport p\u00fablic per garantir la viabilitat i l\u2019impacte de cada projecte.<\/span><\/p>\n<\/div><div class=\"fusion-clearfix\"><\/div><\/div><\/div><\/div><\/div><div class=\"fusion-fullwidth fullwidth-box fusion-builder-row-4 nonhundred-percent-fullwidth non-hundred-percent-height-scrolling\" style=\"--awb-border-radius-top-left:0px;--awb-border-radius-top-right:0px;--awb-border-radius-bottom-right:0px;--awb-border-radius-bottom-left:0px;--awb-margin-top:5px;--awb-flex-wrap:wrap;\" ><div class=\"fusion-builder-row fusion-row\"><div class=\"fusion-layout-column fusion_builder_column fusion-builder-column-3 fusion_builder_column_1_2 1_2 fusion-one-half fusion-column-first\" style=\"--awb-bg-size:cover;width:50%;width:calc(50% - ( ( 4% ) * 0.5 ) );margin-right: 4%;\"><div class=\"fusion-column-wrapper fusion-column-has-shadow fusion-flex-column-wrapper-legacy\"><div class=\"fusion-text fusion-text-4\"><h2><strong>QUIN TIPUS DE SOLARS BUSQUEM?<\/strong><\/h2>\n<h3>S\u00f2ls finalistes per living<\/h3>\n<ul>\n<li>S\u00f2l residencial per habitatges lliures o amb protecci\u00f3 oficial, amb m\u00e9s de <strong>2.000 m\u00b2<\/strong> d\u2019edificabilitat.<\/li>\n<li>S\u00f2l terciari apte per Flex Living amb m\u00e9s de <strong>6.000 m\u00b2<\/strong> d\u2019edificabilitat.<\/li>\n<\/ul>\n<h3>S\u00f2l amb qualificaci\u00f3 terci\u00e0ria o sanitari-assistencial<\/h3>\n<ul>\n<li>S\u00f2l per a usos hotelers, d&#8217;allotjament, geri\u00e0trics o altres compatibles.<\/li>\n<li>Superf\u00edcie m\u00ednima aproximada de <strong>1.000 m\u00b2<\/strong>.<\/li>\n<li>Edificabilitat orientativa de <strong>5.000 m\u00b2 <\/strong>(oberts a valorar altres configuracions)<\/li>\n<\/ul>\n<\/div><div class=\"fusion-clearfix\"><\/div><\/div><\/div><div class=\"fusion-layout-column fusion_builder_column fusion-builder-column-4 fusion_builder_column_1_2 1_2 fusion-one-half fusion-column-last\" style=\"--awb-bg-size:cover;--awb-margin-top:10px;width:50%;width:calc(50% - ( ( 4% ) * 0.5 ) );\"><div class=\"fusion-column-wrapper fusion-column-has-shadow fusion-flex-column-wrapper-legacy\"><div class=\"fusion-image-element in-legacy-container\" style=\"--awb-caption-title-font-family:var(--h2_typography-font-family);--awb-caption-title-font-weight:var(--h2_typography-font-weight);--awb-caption-title-font-style:var(--h2_typography-font-style);--awb-caption-title-size:var(--h2_typography-font-size);--awb-caption-title-transform:var(--h2_typography-text-transform);--awb-caption-title-line-height:var(--h2_typography-line-height);--awb-caption-title-letter-spacing:var(--h2_typography-letter-spacing);\"><span class=\" fusion-imageframe imageframe-none imageframe-1 hover-type-none\"><img decoding=\"async\" width=\"1024\" height=\"576\" title=\"Comprem-sol-salas\" src=\"https:\/\/www.salas.plus\/wp-content\/uploads\/2024\/03\/Comprem-sol-salas.jpg\" alt class=\"img-responsive wp-image-52980\" srcset=\"https:\/\/www.salas.plus\/wp-content\/uploads\/2024\/03\/Comprem-sol-salas-200x113.jpg 200w, https:\/\/www.salas.plus\/wp-content\/uploads\/2024\/03\/Comprem-sol-salas-400x225.jpg 400w, https:\/\/www.salas.plus\/wp-content\/uploads\/2024\/03\/Comprem-sol-salas-600x338.jpg 600w, https:\/\/www.salas.plus\/wp-content\/uploads\/2024\/03\/Comprem-sol-salas-800x450.jpg 800w, https:\/\/www.salas.plus\/wp-content\/uploads\/2024\/03\/Comprem-sol-salas.jpg 1024w\" sizes=\"(max-width: 800px) 100vw, 600px\" \/><\/span><\/div><div class=\"fusion-clearfix\"><\/div><\/div><\/div><\/div><\/div><div class=\"fusion-fullwidth fullwidth-box fusion-builder-row-5 fusion-flex-container nonhundred-percent-fullwidth non-hundred-percent-height-scrolling\" style=\"--awb-border-radius-top-left:0px;--awb-border-radius-top-right:0px;--awb-border-radius-bottom-right:0px;--awb-border-radius-bottom-left:0px;--awb-margin-top:30px;--awb-margin-bottom:30px;--awb-background-color:#dadada;--awb-flex-wrap:wrap;\" ><div class=\"fusion-builder-row fusion-row fusion-flex-align-items-flex-start fusion-flex-content-wrap\" style=\"max-width:1248px;margin-left: calc(-4% \/ 2 );margin-right: calc(-4% \/ 2 );\"><div class=\"fusion-layout-column fusion_builder_column fusion-builder-column-5 fusion_builder_column_1_6 1_6 fusion-flex-column\" style=\"--awb-bg-size:cover;--awb-width-large:16.666666666667%;--awb-margin-top-large:0px;--awb-spacing-right-large:11.52%;--awb-margin-bottom-large:0px;--awb-spacing-left-large:11.52%;--awb-width-medium:100%;--awb-order-medium:0;--awb-spacing-right-medium:1.92%;--awb-spacing-left-medium:1.92%;--awb-width-small:100%;--awb-order-small:0;--awb-spacing-right-small:1.92%;--awb-spacing-left-small:1.92%;\"><div class=\"fusion-column-wrapper fusion-column-has-shadow fusion-flex-justify-content-flex-start fusion-content-layout-column\"><\/div><\/div><div class=\"fusion-layout-column fusion_builder_column fusion-builder-column-6 fusion_builder_column_2_3 2_3 fusion-flex-column\" style=\"--awb-bg-size:cover;--awb-width-large:66.666666666667%;--awb-margin-top-large:30px;--awb-spacing-right-large:2.88%;--awb-margin-bottom-large:0px;--awb-spacing-left-large:2.88%;--awb-width-medium:100%;--awb-order-medium:0;--awb-spacing-right-medium:1.92%;--awb-spacing-left-medium:1.92%;--awb-width-small:100%;--awb-order-small:0;--awb-spacing-right-small:1.92%;--awb-spacing-left-small:1.92%;\"><div class=\"fusion-column-wrapper fusion-column-has-shadow fusion-flex-justify-content-flex-start fusion-content-layout-column\"><div class=\"fusion-text fusion-text-5\"><h2 style=\"text-align: center;\">Vols vendre un solar o parcel\u00b7la?<\/h2>\n<p style=\"text-align: center;\">Estarem encantats d&#8217;estudiar l&#8217;oportunitat. Contacta amb el nostre equip local:<\/p>\n<\/div><script charset=\"utf-8\" type=\"text\/javascript\" src=\"\/\/js-eu1.hsforms.net\/forms\/embed\/v2.js\"><\/script>\n<script>\n  hbspt.forms.create({\n    region: \"eu1\",\n    portalId: \"25586204\",\n    formId: \"1c35de8f-df56-46e0-ba8a-9a641efead89\"\n  });\n<\/script><\/div><\/div><div class=\"fusion-layout-column fusion_builder_column fusion-builder-column-7 fusion_builder_column_1_6 1_6 fusion-flex-column\" style=\"--awb-bg-size:cover;--awb-width-large:16.666666666667%;--awb-margin-top-large:0px;--awb-spacing-right-large:11.52%;--awb-margin-bottom-large:0px;--awb-spacing-left-large:11.52%;--awb-width-medium:100%;--awb-order-medium:0;--awb-spacing-right-medium:1.92%;--awb-spacing-left-medium:1.92%;--awb-width-small:100%;--awb-order-small:0;--awb-spacing-right-small:1.92%;--awb-spacing-left-small:1.92%;\"><div class=\"fusion-column-wrapper fusion-column-has-shadow fusion-flex-justify-content-flex-start fusion-content-layout-column\"><\/div><\/div><\/div><\/div><\/p>\n","protected":false},"excerpt":{"rendered":"","protected":false},"author":1,"featured_media":0,"parent":0,"menu_order":0,"comment_status":"closed","ping_status":"closed","template":"100-width.php","meta":{"footnotes":""},"class_list":["post-30888","page","type-page","status-publish","hentry"],"yoast_head":"<!-- This site is optimized with the Yoast SEO plugin v27.4 - https:\/\/yoast.com\/product\/yoast-seo-wordpress\/ -->\n<title>Comprem s\u00f2l - SALAS<\/title>\n<meta name=\"description\" content=\"A SALAS comprem s\u00f2l per a nous projectes immobiliaris. Si tens un terreny en venda, contacta&#039;ns, estarem encantats d\u2019estudiar l\u2019oportunitat.\" \/>\n<meta name=\"robots\" content=\"index, follow, max-snippet:-1, max-image-preview:large, max-video-preview:-1\" \/>\n<link rel=\"canonical\" href=\"https:\/\/www.salas.plus\/ca\/comprem-sol\/\" \/>\n<meta property=\"og:locale\" content=\"ca_ES\" \/>\n<meta property=\"og:type\" content=\"article\" \/>\n<meta property=\"og:title\" content=\"Comprem s\u00f2l - SALAS\" \/>\n<meta property=\"og:description\" content=\"A SALAS comprem s\u00f2l per a nous projectes immobiliaris. Si tens un terreny en venda, contacta&#039;ns, estarem encantats d\u2019estudiar l\u2019oportunitat.\" \/>\n<meta property=\"og:url\" content=\"https:\/\/www.salas.plus\/ca\/comprem-sol\/\" \/>\n<meta property=\"og:site_name\" content=\"SALAS\" \/>\n<meta property=\"article:modified_time\" content=\"2026-03-20T12:20:00+00:00\" \/>\n<meta name=\"twitter:card\" content=\"summary_large_image\" \/>\n<meta name=\"twitter:label1\" content=\"Temps estimat de lectura\" \/>\n\t<meta name=\"twitter:data1\" content=\"2 minuts\" \/>\n<script type=\"application\/ld+json\" class=\"yoast-schema-graph\">{\"@context\":\"https:\\\/\\\/schema.org\",\"@graph\":[{\"@type\":\"WebPage\",\"@id\":\"https:\\\/\\\/www.salas.plus\\\/ca\\\/comprem-sol\\\/\",\"url\":\"https:\\\/\\\/www.salas.plus\\\/ca\\\/comprem-sol\\\/\",\"name\":\"Comprem s\u00f2l - SALAS\",\"isPartOf\":{\"@id\":\"https:\\\/\\\/www.salas.plus\\\/#website\"},\"datePublished\":\"2022-06-09T11:50:42+00:00\",\"dateModified\":\"2026-03-20T12:20:00+00:00\",\"description\":\"A SALAS comprem s\u00f2l per a nous projectes immobiliaris. Si tens un terreny en venda, contacta'ns, estarem encantats d\u2019estudiar l\u2019oportunitat.\",\"breadcrumb\":{\"@id\":\"https:\\\/\\\/www.salas.plus\\\/ca\\\/comprem-sol\\\/#breadcrumb\"},\"inLanguage\":\"ca\",\"potentialAction\":[{\"@type\":\"ReadAction\",\"target\":[\"https:\\\/\\\/www.salas.plus\\\/ca\\\/comprem-sol\\\/\"]}]},{\"@type\":\"BreadcrumbList\",\"@id\":\"https:\\\/\\\/www.salas.plus\\\/ca\\\/comprem-sol\\\/#breadcrumb\",\"itemListElement\":[{\"@type\":\"ListItem\",\"position\":1,\"name\":\"Home\",\"item\":\"https:\\\/\\\/www.salas.plus\\\/ca\\\/\"},{\"@type\":\"ListItem\",\"position\":2,\"name\":\"Comprem s\u00f2l\"}]},{\"@type\":\"WebSite\",\"@id\":\"https:\\\/\\\/www.salas.plus\\\/#website\",\"url\":\"https:\\\/\\\/www.salas.plus\\\/\",\"name\":\"SALAS\",\"description\":\"Experts en gesti\u00f3 immobili\u00e0ria\",\"publisher\":{\"@id\":\"https:\\\/\\\/www.salas.plus\\\/#organization\"},\"potentialAction\":[{\"@type\":\"SearchAction\",\"target\":{\"@type\":\"EntryPoint\",\"urlTemplate\":\"https:\\\/\\\/www.salas.plus\\\/?s={search_term_string}\"},\"query-input\":{\"@type\":\"PropertyValueSpecification\",\"valueRequired\":true,\"valueName\":\"search_term_string\"}}],\"inLanguage\":\"ca\"},{\"@type\":\"Organization\",\"@id\":\"https:\\\/\\\/www.salas.plus\\\/#organization\",\"name\":\"Salas\",\"url\":\"https:\\\/\\\/www.salas.plus\\\/\",\"logo\":{\"@type\":\"ImageObject\",\"inLanguage\":\"ca\",\"@id\":\"https:\\\/\\\/www.salas.plus\\\/#\\\/schema\\\/logo\\\/image\\\/\",\"url\":\"https:\\\/\\\/www.salas.plus\\\/wp-content\\\/uploads\\\/2021\\\/02\\\/Logo_SALAS_Vertical.jpg\",\"contentUrl\":\"https:\\\/\\\/www.salas.plus\\\/wp-content\\\/uploads\\\/2021\\\/02\\\/Logo_SALAS_Vertical.jpg\",\"width\":122,\"height\":112,\"caption\":\"Salas\"},\"image\":{\"@id\":\"https:\\\/\\\/www.salas.plus\\\/#\\\/schema\\\/logo\\\/image\\\/\"}}]}<\/script>\n<!-- \/ Yoast SEO plugin. -->","yoast_head_json":{"title":"Comprem s\u00f2l - SALAS","description":"A SALAS comprem s\u00f2l per a nous projectes immobiliaris. Si tens un terreny en venda, contacta'ns, estarem encantats d\u2019estudiar l\u2019oportunitat.","robots":{"index":"index","follow":"follow","max-snippet":"max-snippet:-1","max-image-preview":"max-image-preview:large","max-video-preview":"max-video-preview:-1"},"canonical":"https:\/\/www.salas.plus\/ca\/comprem-sol\/","og_locale":"ca_ES","og_type":"article","og_title":"Comprem s\u00f2l - SALAS","og_description":"A SALAS comprem s\u00f2l per a nous projectes immobiliaris. Si tens un terreny en venda, contacta'ns, estarem encantats d\u2019estudiar l\u2019oportunitat.","og_url":"https:\/\/www.salas.plus\/ca\/comprem-sol\/","og_site_name":"SALAS","article_modified_time":"2026-03-20T12:20:00+00:00","twitter_card":"summary_large_image","twitter_misc":{"Temps estimat de lectura":"2 minuts"},"schema":{"@context":"https:\/\/schema.org","@graph":[{"@type":"WebPage","@id":"https:\/\/www.salas.plus\/ca\/comprem-sol\/","url":"https:\/\/www.salas.plus\/ca\/comprem-sol\/","name":"Comprem s\u00f2l - SALAS","isPartOf":{"@id":"https:\/\/www.salas.plus\/#website"},"datePublished":"2022-06-09T11:50:42+00:00","dateModified":"2026-03-20T12:20:00+00:00","description":"A SALAS comprem s\u00f2l per a nous projectes immobiliaris. Si tens un terreny en venda, contacta'ns, estarem encantats d\u2019estudiar l\u2019oportunitat.","breadcrumb":{"@id":"https:\/\/www.salas.plus\/ca\/comprem-sol\/#breadcrumb"},"inLanguage":"ca","potentialAction":[{"@type":"ReadAction","target":["https:\/\/www.salas.plus\/ca\/comprem-sol\/"]}]},{"@type":"BreadcrumbList","@id":"https:\/\/www.salas.plus\/ca\/comprem-sol\/#breadcrumb","itemListElement":[{"@type":"ListItem","position":1,"name":"Home","item":"https:\/\/www.salas.plus\/ca\/"},{"@type":"ListItem","position":2,"name":"Comprem s\u00f2l"}]},{"@type":"WebSite","@id":"https:\/\/www.salas.plus\/#website","url":"https:\/\/www.salas.plus\/","name":"SALAS","description":"Experts en gesti\u00f3 immobili\u00e0ria","publisher":{"@id":"https:\/\/www.salas.plus\/#organization"},"potentialAction":[{"@type":"SearchAction","target":{"@type":"EntryPoint","urlTemplate":"https:\/\/www.salas.plus\/?s={search_term_string}"},"query-input":{"@type":"PropertyValueSpecification","valueRequired":true,"valueName":"search_term_string"}}],"inLanguage":"ca"},{"@type":"Organization","@id":"https:\/\/www.salas.plus\/#organization","name":"Salas","url":"https:\/\/www.salas.plus\/","logo":{"@type":"ImageObject","inLanguage":"ca","@id":"https:\/\/www.salas.plus\/#\/schema\/logo\/image\/","url":"https:\/\/www.salas.plus\/wp-content\/uploads\/2021\/02\/Logo_SALAS_Vertical.jpg","contentUrl":"https:\/\/www.salas.plus\/wp-content\/uploads\/2021\/02\/Logo_SALAS_Vertical.jpg","width":122,"height":112,"caption":"Salas"},"image":{"@id":"https:\/\/www.salas.plus\/#\/schema\/logo\/image\/"}}]}},"_links":{"self":[{"href":"https:\/\/www.salas.plus\/ca\/wp-json\/wp\/v2\/pages\/30888","targetHints":{"allow":["GET"]}}],"collection":[{"href":"https:\/\/www.salas.plus\/ca\/wp-json\/wp\/v2\/pages"}],"about":[{"href":"https:\/\/www.salas.plus\/ca\/wp-json\/wp\/v2\/types\/page"}],"author":[{"embeddable":true,"href":"https:\/\/www.salas.plus\/ca\/wp-json\/wp\/v2\/users\/1"}],"replies":[{"embeddable":true,"href":"https:\/\/www.salas.plus\/ca\/wp-json\/wp\/v2\/comments?post=30888"}],"version-history":[{"count":34,"href":"https:\/\/www.salas.plus\/ca\/wp-json\/wp\/v2\/pages\/30888\/revisions"}],"predecessor-version":[{"id":64840,"href":"https:\/\/www.salas.plus\/ca\/wp-json\/wp\/v2\/pages\/30888\/revisions\/64840"}],"wp:attachment":[{"href":"https:\/\/www.salas.plus\/ca\/wp-json\/wp\/v2\/media?parent=30888"}],"curies":[{"name":"wp","href":"https:\/\/api.w.org\/{rel}","templated":true}]}}