{"id":30844,"date":"2022-06-09T10:59:20","date_gmt":"2022-06-09T10:59:20","guid":{"rendered":"https:\/\/www.salas.plus\/?page_id=30844"},"modified":"2024-11-21T10:02:26","modified_gmt":"2024-11-21T10:02:26","slug":"clausula-de-consentiment-pel-tractament-del-cv","status":"publish","type":"page","link":"https:\/\/www.salas.plus\/ca\/clausula-de-consentiment-pel-tractament-del-cv\/","title":{"rendered":"Cl\u00e0usula de consentiment pel tractament del CV"},"content":{"rendered":"<p><div class=\"fusion-fullwidth fullwidth-box fusion-builder-row-1 fusion-flex-container nonhundred-percent-fullwidth non-hundred-percent-height-scrolling\" style=\"--awb-background-position:left top;--awb-border-sizes-top:0px;--awb-border-sizes-bottom:0px;--awb-border-sizes-left:0px;--awb-border-sizes-right:0px;--awb-border-radius-top-left:0px;--awb-border-radius-top-right:0px;--awb-border-radius-bottom-right:0px;--awb-border-radius-bottom-left:0px;--awb-padding-top:50px;--awb-padding-bottom:50px;--awb-background-color:#ffffff;--awb-flex-wrap:wrap;\" ><div class=\"fusion-builder-row fusion-row fusion-flex-align-items-flex-start fusion-flex-content-wrap\" style=\"max-width:1248px;margin-left: calc(-4% \/ 2 );margin-right: calc(-4% \/ 2 );\"><div class=\"fusion-layout-column fusion_builder_column fusion-builder-column-0 fusion_builder_column_1_1 1_1 fusion-flex-column\" style=\"--awb-bg-size:cover;--awb-width-large:100%;--awb-margin-top-large:0px;--awb-spacing-right-large:1.92%;--awb-margin-bottom-large:0px;--awb-spacing-left-large:1.92%;--awb-width-medium:100%;--awb-spacing-right-medium:1.92%;--awb-spacing-left-medium:1.92%;--awb-width-small:100%;--awb-spacing-right-small:1.92%;--awb-spacing-left-small:1.92%;\"><div class=\"fusion-column-wrapper fusion-flex-justify-content-flex-start fusion-content-layout-column\"><div class=\"fusion-title title fusion-title-1 fusion-sep-none fusion-title-text fusion-title-size-one\"><h1 class=\"fusion-title-heading title-heading-left fusion-responsive-typography-calculated\" style=\"margin:0;--fontSize:28;line-height:1.40;\">CL\u00c0USULA DE CONSENTIMENT PER AL TRACTAMENT DEL CV<\/h1><\/div><\/div><\/div><\/div><\/div><div class=\"fusion-fullwidth fullwidth-box fusion-builder-row-2 fusion-flex-container nonhundred-percent-fullwidth non-hundred-percent-height-scrolling\" style=\"--awb-border-radius-top-left:0px;--awb-border-radius-top-right:0px;--awb-border-radius-bottom-right:0px;--awb-border-radius-bottom-left:0px;--awb-flex-wrap:wrap;\" ><div class=\"fusion-builder-row fusion-row fusion-flex-align-items-flex-start fusion-flex-content-wrap\" style=\"max-width:1248px;margin-left: calc(-4% \/ 2 );margin-right: calc(-4% \/ 2 );\"><div class=\"fusion-layout-column fusion_builder_column fusion-builder-column-1 fusion_builder_column_1_1 1_1 fusion-flex-column\" style=\"--awb-bg-size:cover;--awb-width-large:100%;--awb-margin-top-large:0px;--awb-spacing-right-large:1.92%;--awb-margin-bottom-large:0px;--awb-spacing-left-large:1.92%;--awb-width-medium:100%;--awb-spacing-right-medium:1.92%;--awb-spacing-left-medium:1.92%;--awb-width-small:100%;--awb-spacing-right-small:1.92%;--awb-spacing-left-small:1.92%;\"><div class=\"fusion-column-wrapper fusion-flex-justify-content-flex-start fusion-content-layout-column\"><div class=\"fusion-text fusion-text-1\"><p>SALAS PLUSHABIT, S.L., amb C.I.F.: B-66.651.183 l\u2019informa que conforme disposa el Reglament (UE) 2016\/679 del Parlament Europeu i del Consell, de 27 d\u2019abril de 2016, relatiu a la protecci\u00f3 de les persones f\u00edsiques referent al tractament de dades personals i a la lliure circulaci\u00f3 d\u2019aquestes i la Llei Org\u00e0nica 3\/2018, de 5 de desembre, de Protecci\u00f3 de Dades Personals i garantia dels drets digitals\u00a0 (LOPDGDD), que les dades personals facilitades en el seu curr\u00edculum seran conservades en els fitxers de dades personals sota la responsabilitat de SALAS PLUSHABIT, S.L. \u00a0amb\u00a0 la finalitat de formar part en els futurs processos de selecci\u00f3 de personal i contractaci\u00f3 que es duguin a terme , de tal manera que en el sup\u00f2sit que es produeixi alguna vacant en la nostra organitzaci\u00f3 que es pugui adequar al seu perfil professional se li pugui contactar per a informar-lo.<\/p>\n<p>La persona interessada declara que les dades facilitades s\u00f3n correctes i atorga el seu consentiment pel tractament de les seves dades personals a favor de SALAS PLUSHABIT, S.L. per la finalitat descrita anteriorment. En el sup\u00f2sit de produir-se alguna modificaci\u00f3 de les seves dades personals, li sol\u00b7licitem que ens ho comuniqui per escrit amb la finalitat de mantenir actualitzat el seu curr\u00edculum.<\/p>\n<p>Les dades romandran actives a la base de dades de SALAS PLUSHABIT, S.L. durant el per\u00edode m\u00e0xim de 12 mesos des de que va facilitar el curr\u00edculum.<\/p>\n<p>SALAS PLUSHABIT, S.L. garanteix el bon \u00fas de la informaci\u00f3 i la plena confidencialitat de les dades de car\u00e0cter personal continguts en els nostres fitxers, aix\u00ed com el ple compliment de les obligacions en mat\u00e8ria de protecci\u00f3 de dades de car\u00e0cter personal.<\/p>\n<p>D\u2019acord amb el Reglament (UE) 2016\/679 del Parlament Europeu i del Consell, de 27 d\u2019abril de 2016, relatiu a la protecci\u00f3 de les persones f\u00edsiques referent al tractament de dades personals i a la lliure circulaci\u00f3 d\u2019aquestes i\u00a0 la Llei Org\u00e0nica 3\/2018, de 5 de desembre, de Protecci\u00f3 de Dades Personals i garantia dels drets digitals\u00a0 (LOPDGDD), SALAS PLUSAHBIT es compromet a respectar la seva confidencialitat en el tractament de les seves dades personals i l\u2019informa que t\u00e9 dret a exercitar els drets \u00a0d&#8217;acc\u00e9s, rectificaci\u00f3 , supressi\u00f3, \u00a0limitaci\u00f3 i oposici\u00f3 de les dades personals mitjan\u00e7ant correu electr\u00f2nic a <a href=\"mailto:info@salas.plus\">info@salas.plus<\/a> o escrit dirigit a l\u2019adre\u00e7a postal: Rambla, n\u00fam. 221 Sabadell, acompanyant a la sol\u00b7licitud una c\u00f2pia del DNI o document equivalent acreditatiu de la seva identitat.<\/p>\n<\/div><\/div><\/div><\/div><\/div><\/p>\n","protected":false},"excerpt":{"rendered":"","protected":false},"author":1,"featured_media":0,"parent":0,"menu_order":0,"comment_status":"closed","ping_status":"closed","template":"100-width.php","meta":{"footnotes":""},"class_list":["post-30844","page","type-page","status-publish","hentry"],"yoast_head":"<!-- This site is optimized with the Yoast SEO plugin v27.4 - https:\/\/yoast.com\/product\/yoast-seo-wordpress\/ -->\n<title>Cl\u00e0usula de consentiment pel tractament del CV - SALAS<\/title>\n<meta name=\"robots\" content=\"index, follow, max-snippet:-1, max-image-preview:large, max-video-preview:-1\" \/>\n<link rel=\"canonical\" href=\"https:\/\/www.salas.plus\/ca\/clausula-de-consentiment-pel-tractament-del-cv\/\" \/>\n<meta property=\"og:locale\" content=\"ca_ES\" \/>\n<meta property=\"og:type\" content=\"article\" \/>\n<meta property=\"og:title\" content=\"Cl\u00e0usula de consentiment pel tractament del CV - SALAS\" \/>\n<meta property=\"og:url\" content=\"https:\/\/www.salas.plus\/ca\/clausula-de-consentiment-pel-tractament-del-cv\/\" \/>\n<meta property=\"og:site_name\" content=\"SALAS\" \/>\n<meta property=\"article:modified_time\" content=\"2024-11-21T10:02:26+00:00\" \/>\n<meta name=\"twitter:card\" content=\"summary_large_image\" \/>\n<meta name=\"twitter:label1\" content=\"Temps estimat de lectura\" \/>\n\t<meta name=\"twitter:data1\" content=\"3 minuts\" \/>\n<script type=\"application\/ld+json\" class=\"yoast-schema-graph\">{\"@context\":\"https:\\\/\\\/schema.org\",\"@graph\":[{\"@type\":\"WebPage\",\"@id\":\"https:\\\/\\\/www.salas.plus\\\/ca\\\/clausula-de-consentiment-pel-tractament-del-cv\\\/\",\"url\":\"https:\\\/\\\/www.salas.plus\\\/ca\\\/clausula-de-consentiment-pel-tractament-del-cv\\\/\",\"name\":\"Cl\u00e0usula de consentiment pel tractament del CV - SALAS\",\"isPartOf\":{\"@id\":\"https:\\\/\\\/www.salas.plus\\\/#website\"},\"datePublished\":\"2022-06-09T10:59:20+00:00\",\"dateModified\":\"2024-11-21T10:02:26+00:00\",\"breadcrumb\":{\"@id\":\"https:\\\/\\\/www.salas.plus\\\/ca\\\/clausula-de-consentiment-pel-tractament-del-cv\\\/#breadcrumb\"},\"inLanguage\":\"ca\",\"potentialAction\":[{\"@type\":\"ReadAction\",\"target\":[\"https:\\\/\\\/www.salas.plus\\\/ca\\\/clausula-de-consentiment-pel-tractament-del-cv\\\/\"]}]},{\"@type\":\"BreadcrumbList\",\"@id\":\"https:\\\/\\\/www.salas.plus\\\/ca\\\/clausula-de-consentiment-pel-tractament-del-cv\\\/#breadcrumb\",\"itemListElement\":[{\"@type\":\"ListItem\",\"position\":1,\"name\":\"Home\",\"item\":\"https:\\\/\\\/www.salas.plus\\\/ca\\\/\"},{\"@type\":\"ListItem\",\"position\":2,\"name\":\"Cl\u00e0usula de consentiment pel tractament del CV\"}]},{\"@type\":\"WebSite\",\"@id\":\"https:\\\/\\\/www.salas.plus\\\/#website\",\"url\":\"https:\\\/\\\/www.salas.plus\\\/\",\"name\":\"SALAS\",\"description\":\"Experts en gesti\u00f3 immobili\u00e0ria\",\"publisher\":{\"@id\":\"https:\\\/\\\/www.salas.plus\\\/#organization\"},\"potentialAction\":[{\"@type\":\"SearchAction\",\"target\":{\"@type\":\"EntryPoint\",\"urlTemplate\":\"https:\\\/\\\/www.salas.plus\\\/?s={search_term_string}\"},\"query-input\":{\"@type\":\"PropertyValueSpecification\",\"valueRequired\":true,\"valueName\":\"search_term_string\"}}],\"inLanguage\":\"ca\"},{\"@type\":\"Organization\",\"@id\":\"https:\\\/\\\/www.salas.plus\\\/#organization\",\"name\":\"Salas\",\"url\":\"https:\\\/\\\/www.salas.plus\\\/\",\"logo\":{\"@type\":\"ImageObject\",\"inLanguage\":\"ca\",\"@id\":\"https:\\\/\\\/www.salas.plus\\\/#\\\/schema\\\/logo\\\/image\\\/\",\"url\":\"https:\\\/\\\/www.salas.plus\\\/wp-content\\\/uploads\\\/2021\\\/02\\\/Logo_SALAS_Vertical.jpg\",\"contentUrl\":\"https:\\\/\\\/www.salas.plus\\\/wp-content\\\/uploads\\\/2021\\\/02\\\/Logo_SALAS_Vertical.jpg\",\"width\":122,\"height\":112,\"caption\":\"Salas\"},\"image\":{\"@id\":\"https:\\\/\\\/www.salas.plus\\\/#\\\/schema\\\/logo\\\/image\\\/\"}}]}<\/script>\n<!-- \/ Yoast SEO plugin. -->","yoast_head_json":{"title":"Cl\u00e0usula de consentiment pel tractament del CV - SALAS","robots":{"index":"index","follow":"follow","max-snippet":"max-snippet:-1","max-image-preview":"max-image-preview:large","max-video-preview":"max-video-preview:-1"},"canonical":"https:\/\/www.salas.plus\/ca\/clausula-de-consentiment-pel-tractament-del-cv\/","og_locale":"ca_ES","og_type":"article","og_title":"Cl\u00e0usula de consentiment pel tractament del CV - SALAS","og_url":"https:\/\/www.salas.plus\/ca\/clausula-de-consentiment-pel-tractament-del-cv\/","og_site_name":"SALAS","article_modified_time":"2024-11-21T10:02:26+00:00","twitter_card":"summary_large_image","twitter_misc":{"Temps estimat de lectura":"3 minuts"},"schema":{"@context":"https:\/\/schema.org","@graph":[{"@type":"WebPage","@id":"https:\/\/www.salas.plus\/ca\/clausula-de-consentiment-pel-tractament-del-cv\/","url":"https:\/\/www.salas.plus\/ca\/clausula-de-consentiment-pel-tractament-del-cv\/","name":"Cl\u00e0usula de consentiment pel tractament del CV - SALAS","isPartOf":{"@id":"https:\/\/www.salas.plus\/#website"},"datePublished":"2022-06-09T10:59:20+00:00","dateModified":"2024-11-21T10:02:26+00:00","breadcrumb":{"@id":"https:\/\/www.salas.plus\/ca\/clausula-de-consentiment-pel-tractament-del-cv\/#breadcrumb"},"inLanguage":"ca","potentialAction":[{"@type":"ReadAction","target":["https:\/\/www.salas.plus\/ca\/clausula-de-consentiment-pel-tractament-del-cv\/"]}]},{"@type":"BreadcrumbList","@id":"https:\/\/www.salas.plus\/ca\/clausula-de-consentiment-pel-tractament-del-cv\/#breadcrumb","itemListElement":[{"@type":"ListItem","position":1,"name":"Home","item":"https:\/\/www.salas.plus\/ca\/"},{"@type":"ListItem","position":2,"name":"Cl\u00e0usula de consentiment pel tractament del CV"}]},{"@type":"WebSite","@id":"https:\/\/www.salas.plus\/#website","url":"https:\/\/www.salas.plus\/","name":"SALAS","description":"Experts en gesti\u00f3 immobili\u00e0ria","publisher":{"@id":"https:\/\/www.salas.plus\/#organization"},"potentialAction":[{"@type":"SearchAction","target":{"@type":"EntryPoint","urlTemplate":"https:\/\/www.salas.plus\/?s={search_term_string}"},"query-input":{"@type":"PropertyValueSpecification","valueRequired":true,"valueName":"search_term_string"}}],"inLanguage":"ca"},{"@type":"Organization","@id":"https:\/\/www.salas.plus\/#organization","name":"Salas","url":"https:\/\/www.salas.plus\/","logo":{"@type":"ImageObject","inLanguage":"ca","@id":"https:\/\/www.salas.plus\/#\/schema\/logo\/image\/","url":"https:\/\/www.salas.plus\/wp-content\/uploads\/2021\/02\/Logo_SALAS_Vertical.jpg","contentUrl":"https:\/\/www.salas.plus\/wp-content\/uploads\/2021\/02\/Logo_SALAS_Vertical.jpg","width":122,"height":112,"caption":"Salas"},"image":{"@id":"https:\/\/www.salas.plus\/#\/schema\/logo\/image\/"}}]}},"_links":{"self":[{"href":"https:\/\/www.salas.plus\/ca\/wp-json\/wp\/v2\/pages\/30844","targetHints":{"allow":["GET"]}}],"collection":[{"href":"https:\/\/www.salas.plus\/ca\/wp-json\/wp\/v2\/pages"}],"about":[{"href":"https:\/\/www.salas.plus\/ca\/wp-json\/wp\/v2\/types\/page"}],"author":[{"embeddable":true,"href":"https:\/\/www.salas.plus\/ca\/wp-json\/wp\/v2\/users\/1"}],"replies":[{"embeddable":true,"href":"https:\/\/www.salas.plus\/ca\/wp-json\/wp\/v2\/comments?post=30844"}],"version-history":[{"count":1,"href":"https:\/\/www.salas.plus\/ca\/wp-json\/wp\/v2\/pages\/30844\/revisions"}],"predecessor-version":[{"id":56046,"href":"https:\/\/www.salas.plus\/ca\/wp-json\/wp\/v2\/pages\/30844\/revisions\/56046"}],"wp:attachment":[{"href":"https:\/\/www.salas.plus\/ca\/wp-json\/wp\/v2\/media?parent=30844"}],"curies":[{"name":"wp","href":"https:\/\/api.w.org\/{rel}","templated":true}]}}